{"id":2589,"date":"2024-03-18T11:35:55","date_gmt":"2024-03-18T03:35:55","guid":{"rendered":"https:\/\/globaltextilefactory.com\/?post_type=product&#038;p=2589"},"modified":"2024-03-18T11:35:55","modified_gmt":"2024-03-18T03:35:55","slug":"produced-by-tongtongle-toys-wholesale-factory-childrens-frog-jump-height-toy-balance-sense-training-kindergarten-primary-school-students-bouncer-jumping-pole-jumping-ball","status":"publish","type":"product","link":"https:\/\/globaltextilefactory.com\/pt\/produto\/produced-by-tongtongle-toys-wholesale-factory-childrens-frog-jump-height-toy-balance-sense-training-kindergarten-primary-school-students-bouncer-jumping-pole-jumping-ball\/","title":{"rendered":"[Produzido pela f\u00e1brica grossista de brinquedos Tongtongle] Brinquedo de salto em altura para crian\u00e7as, para treinar o equil\u00edbrio no jardim de inf\u00e2ncia, alunos do ensino prim\u00e1rio, saltador, vara de salto, bola de salto"},"content":{"rendered":"","protected":false},"excerpt":{"rendered":"","protected":false},"featured_media":2590,"comment_status":"open","ping_status":"closed","template":"","meta":{"site-sidebar-layout":"default","site-content-layout":"","ast-site-content-layout":"default","site-content-style":"default","site-sidebar-style":"default","ast-global-header-display":"","ast-banner-title-visibility":"","ast-main-header-display":"","ast-hfb-above-header-display":"","ast-hfb-below-header-display":"","ast-hfb-mobile-header-display":"","site-post-title":"","ast-breadcrumbs-content":"","ast-featured-img":"","footer-sml-layout":"","theme-transparent-header-meta":"default","adv-header-id-meta":"","stick-header-meta":"","header-above-stick-meta":"","header-main-stick-meta":"","header-below-stick-meta":"","astra-migrate-meta-layouts":"set","ast-page-background-enabled":"default","ast-page-background-meta":{"desktop":{"background-color":"","background-image":"","background-repeat":"repeat","background-position":"center center","background-size":"auto","background-attachment":"scroll","background-type":"","background-media":"","overlay-type":"","overlay-color":"","overlay-gradient":""},"tablet":{"background-color":"","background-image":"","background-repeat":"repeat","background-position":"center center","background-size":"auto","background-attachment":"scroll","background-type":"","background-media":"","overlay-type":"","overlay-color":"","overlay-gradient":""},"mobile":{"background-color":"","background-image":"","background-repeat":"repeat","background-position":"center center","background-size":"auto","background-attachment":"scroll","background-type":"","background-media":"","overlay-type":"","overlay-color":"","overlay-gradient":""}},"ast-content-background-meta":{"desktop":{"background-color":"var(--ast-global-color-5)","background-image":"","background-repeat":"repeat","background-position":"center center","background-size":"auto","background-attachment":"scroll","background-type":"","background-media":"","overlay-type":"","overlay-color":"","overlay-gradient":""},"tablet":{"background-color":"var(--ast-global-color-5)","background-image":"","background-repeat":"repeat","background-position":"center center","background-size":"auto","background-attachment":"scroll","background-type":"","background-media":"","overlay-type":"","overlay-color":"","overlay-gradient":""},"mobile":{"background-color":"var(--ast-global-color-5)","background-image":"","background-repeat":"repeat","background-position":"center center","background-size":"auto","background-attachment":"scroll","background-type":"","background-media":"","overlay-type":"","overlay-color":"","overlay-gradient":""}}},"product_cat":[65],"product_tag":[],"yoast_head":"<!-- This site is optimized with the Yoast SEO plugin v22.3 - https:\/\/yoast.com\/wordpress\/plugins\/seo\/ -->\n<title>[Produced by Tongtongle toys wholesale factory] Children&#039;s frog jump height toy balance sense training kindergarten primary school students bouncer jumping pole jumping ball - globaltextilefactory.com<\/title>\n<meta name=\"robots\" content=\"index, follow, max-snippet:-1, max-image-preview:large, max-video-preview:-1\" \/>\n<link rel=\"canonical\" href=\"https:\/\/globaltextilefactory.com\/pt\/produit\/produced-by-tongtongle-toys-wholesale-factory-childrens-frog-jump-height-toy-balance-sense-training-kindergarten-primary-school-students-bouncer-jumping-pole-jumping-ball\/\" \/>\n<meta property=\"og:locale\" content=\"pt_PT\" \/>\n<meta property=\"og:type\" content=\"article\" \/>\n<meta property=\"og:title\" content=\"[Produced by Tongtongle toys wholesale factory] Children&#039;s frog jump height toy balance sense training kindergarten primary school students bouncer jumping pole jumping ball - globaltextilefactory.com\" \/>\n<meta property=\"og:url\" content=\"https:\/\/globaltextilefactory.com\/pt\/produit\/produced-by-tongtongle-toys-wholesale-factory-childrens-frog-jump-height-toy-balance-sense-training-kindergarten-primary-school-students-bouncer-jumping-pole-jumping-ball\/\" \/>\n<meta property=\"og:site_name\" content=\"globaltextilefactory.com\" \/>\n<meta property=\"og:image\" content=\"https:\/\/globaltextilefactory.com\/wp-content\/uploads\/2024\/03\/d3af1369ad2d9f7b0bed12545f7aae7.jpg\" \/>\n\t<meta property=\"og:image:width\" content=\"828\" \/>\n\t<meta property=\"og:image:height\" content=\"810\" \/>\n\t<meta property=\"og:image:type\" content=\"image\/jpeg\" \/>\n<meta name=\"twitter:card\" content=\"summary_large_image\" \/>\n<script type=\"application\/ld+json\" class=\"yoast-schema-graph\">{\"@context\":\"https:\/\/schema.org\",\"@graph\":[{\"@type\":\"WebPage\",\"@id\":\"https:\/\/globaltextilefactory.com\/fr\/produit\/produced-by-tongtongle-toys-wholesale-factory-childrens-frog-jump-height-toy-balance-sense-training-kindergarten-primary-school-students-bouncer-jumping-pole-jumping-ball\/\",\"url\":\"https:\/\/globaltextilefactory.com\/fr\/produit\/produced-by-tongtongle-toys-wholesale-factory-childrens-frog-jump-height-toy-balance-sense-training-kindergarten-primary-school-students-bouncer-jumping-pole-jumping-ball\/\",\"name\":\"[Produced by Tongtongle toys wholesale factory] Children's frog jump height toy balance sense training kindergarten primary school students bouncer jumping pole jumping ball - globaltextilefactory.com\",\"isPartOf\":{\"@id\":\"https:\/\/globaltextilefactory.com\/#website\"},\"primaryImageOfPage\":{\"@id\":\"https:\/\/globaltextilefactory.com\/fr\/produit\/produced-by-tongtongle-toys-wholesale-factory-childrens-frog-jump-height-toy-balance-sense-training-kindergarten-primary-school-students-bouncer-jumping-pole-jumping-ball\/#primaryimage\"},\"image\":{\"@id\":\"https:\/\/globaltextilefactory.com\/fr\/produit\/produced-by-tongtongle-toys-wholesale-factory-childrens-frog-jump-height-toy-balance-sense-training-kindergarten-primary-school-students-bouncer-jumping-pole-jumping-ball\/#primaryimage\"},\"thumbnailUrl\":\"https:\/\/globaltextilefactory.com\/wp-content\/uploads\/2024\/03\/d3af1369ad2d9f7b0bed12545f7aae7.jpg\",\"datePublished\":\"2024-03-18T03:35:55+00:00\",\"dateModified\":\"2024-03-18T03:35:55+00:00\",\"breadcrumb\":{\"@id\":\"https:\/\/globaltextilefactory.com\/fr\/produit\/produced-by-tongtongle-toys-wholesale-factory-childrens-frog-jump-height-toy-balance-sense-training-kindergarten-primary-school-students-bouncer-jumping-pole-jumping-ball\/#breadcrumb\"},\"inLanguage\":\"pt-PT\",\"potentialAction\":[{\"@type\":\"ReadAction\",\"target\":[\"https:\/\/globaltextilefactory.com\/fr\/produit\/produced-by-tongtongle-toys-wholesale-factory-childrens-frog-jump-height-toy-balance-sense-training-kindergarten-primary-school-students-bouncer-jumping-pole-jumping-ball\/\"]}]},{\"@type\":\"ImageObject\",\"inLanguage\":\"pt-PT\",\"@id\":\"https:\/\/globaltextilefactory.com\/fr\/produit\/produced-by-tongtongle-toys-wholesale-factory-childrens-frog-jump-height-toy-balance-sense-training-kindergarten-primary-school-students-bouncer-jumping-pole-jumping-ball\/#primaryimage\",\"url\":\"https:\/\/globaltextilefactory.com\/wp-content\/uploads\/2024\/03\/d3af1369ad2d9f7b0bed12545f7aae7.jpg\",\"contentUrl\":\"https:\/\/globaltextilefactory.com\/wp-content\/uploads\/2024\/03\/d3af1369ad2d9f7b0bed12545f7aae7.jpg\",\"width\":828,\"height\":810},{\"@type\":\"BreadcrumbList\",\"@id\":\"https:\/\/globaltextilefactory.com\/fr\/produit\/produced-by-tongtongle-toys-wholesale-factory-childrens-frog-jump-height-toy-balance-sense-training-kindergarten-primary-school-students-bouncer-jumping-pole-jumping-ball\/#breadcrumb\",\"itemListElement\":[{\"@type\":\"ListItem\",\"position\":1,\"name\":\"Home\",\"item\":\"https:\/\/globaltextilefactory.com\/\"},{\"@type\":\"ListItem\",\"position\":2,\"name\":\"Shop\",\"item\":\"https:\/\/globaltextilefactory.com\/shop\/\"},{\"@type\":\"ListItem\",\"position\":3,\"name\":\"[Produced by Tongtongle toys wholesale factory] Children&#8217;s frog jump height toy balance sense training kindergarten primary school students bouncer jumping pole jumping ball\"}]},{\"@type\":\"WebSite\",\"@id\":\"https:\/\/globaltextilefactory.com\/#website\",\"url\":\"https:\/\/globaltextilefactory.com\/\",\"name\":\"globaltextilefactory.com\",\"description\":\"\",\"publisher\":{\"@id\":\"https:\/\/globaltextilefactory.com\/#organization\"},\"potentialAction\":[{\"@type\":\"SearchAction\",\"target\":{\"@type\":\"EntryPoint\",\"urlTemplate\":\"https:\/\/globaltextilefactory.com\/?s={search_term_string}\"},\"query-input\":\"required name=search_term_string\"}],\"inLanguage\":\"pt-PT\"},{\"@type\":\"Organization\",\"@id\":\"https:\/\/globaltextilefactory.com\/#organization\",\"name\":\"globaltextilefactory.com\",\"url\":\"https:\/\/globaltextilefactory.com\/\",\"logo\":{\"@type\":\"ImageObject\",\"inLanguage\":\"pt-PT\",\"@id\":\"https:\/\/globaltextilefactory.com\/#\/schema\/logo\/image\/\",\"url\":\"https:\/\/globaltextilefactory.com\/wp-content\/uploads\/2020\/08\/kayuu-logo-dark-1.svg\",\"contentUrl\":\"https:\/\/globaltextilefactory.com\/wp-content\/uploads\/2020\/08\/kayuu-logo-dark-1.svg\",\"width\":100,\"height\":100,\"caption\":\"globaltextilefactory.com\"},\"image\":{\"@id\":\"https:\/\/globaltextilefactory.com\/#\/schema\/logo\/image\/\"}}]}<\/script>\n<!-- \/ Yoast SEO plugin. -->","yoast_head_json":{"title":"[Produced by Tongtongle toys wholesale factory] Children's frog jump height toy balance sense training kindergarten primary school students bouncer jumping pole jumping ball - globaltextilefactory.com","robots":{"index":"index","follow":"follow","max-snippet":"max-snippet:-1","max-image-preview":"max-image-preview:large","max-video-preview":"max-video-preview:-1"},"canonical":"https:\/\/globaltextilefactory.com\/pt\/produit\/produced-by-tongtongle-toys-wholesale-factory-childrens-frog-jump-height-toy-balance-sense-training-kindergarten-primary-school-students-bouncer-jumping-pole-jumping-ball\/","og_locale":"pt_PT","og_type":"article","og_title":"[Produced by Tongtongle toys wholesale factory] Children's frog jump height toy balance sense training kindergarten primary school students bouncer jumping pole jumping ball - globaltextilefactory.com","og_url":"https:\/\/globaltextilefactory.com\/pt\/produit\/produced-by-tongtongle-toys-wholesale-factory-childrens-frog-jump-height-toy-balance-sense-training-kindergarten-primary-school-students-bouncer-jumping-pole-jumping-ball\/","og_site_name":"globaltextilefactory.com","og_image":[{"width":828,"height":810,"url":"https:\/\/globaltextilefactory.com\/wp-content\/uploads\/2024\/03\/d3af1369ad2d9f7b0bed12545f7aae7.jpg","type":"image\/jpeg"}],"twitter_card":"summary_large_image","schema":{"@context":"https:\/\/schema.org","@graph":[{"@type":"WebPage","@id":"https:\/\/globaltextilefactory.com\/fr\/produit\/produced-by-tongtongle-toys-wholesale-factory-childrens-frog-jump-height-toy-balance-sense-training-kindergarten-primary-school-students-bouncer-jumping-pole-jumping-ball\/","url":"https:\/\/globaltextilefactory.com\/fr\/produit\/produced-by-tongtongle-toys-wholesale-factory-childrens-frog-jump-height-toy-balance-sense-training-kindergarten-primary-school-students-bouncer-jumping-pole-jumping-ball\/","name":"[Produced by Tongtongle toys wholesale factory] Children's frog jump height toy balance sense training kindergarten primary school students bouncer jumping pole jumping ball - globaltextilefactory.com","isPartOf":{"@id":"https:\/\/globaltextilefactory.com\/#website"},"primaryImageOfPage":{"@id":"https:\/\/globaltextilefactory.com\/fr\/produit\/produced-by-tongtongle-toys-wholesale-factory-childrens-frog-jump-height-toy-balance-sense-training-kindergarten-primary-school-students-bouncer-jumping-pole-jumping-ball\/#primaryimage"},"image":{"@id":"https:\/\/globaltextilefactory.com\/fr\/produit\/produced-by-tongtongle-toys-wholesale-factory-childrens-frog-jump-height-toy-balance-sense-training-kindergarten-primary-school-students-bouncer-jumping-pole-jumping-ball\/#primaryimage"},"thumbnailUrl":"https:\/\/globaltextilefactory.com\/wp-content\/uploads\/2024\/03\/d3af1369ad2d9f7b0bed12545f7aae7.jpg","datePublished":"2024-03-18T03:35:55+00:00","dateModified":"2024-03-18T03:35:55+00:00","breadcrumb":{"@id":"https:\/\/globaltextilefactory.com\/fr\/produit\/produced-by-tongtongle-toys-wholesale-factory-childrens-frog-jump-height-toy-balance-sense-training-kindergarten-primary-school-students-bouncer-jumping-pole-jumping-ball\/#breadcrumb"},"inLanguage":"pt-PT","potentialAction":[{"@type":"ReadAction","target":["https:\/\/globaltextilefactory.com\/fr\/produit\/produced-by-tongtongle-toys-wholesale-factory-childrens-frog-jump-height-toy-balance-sense-training-kindergarten-primary-school-students-bouncer-jumping-pole-jumping-ball\/"]}]},{"@type":"ImageObject","inLanguage":"pt-PT","@id":"https:\/\/globaltextilefactory.com\/fr\/produit\/produced-by-tongtongle-toys-wholesale-factory-childrens-frog-jump-height-toy-balance-sense-training-kindergarten-primary-school-students-bouncer-jumping-pole-jumping-ball\/#primaryimage","url":"https:\/\/globaltextilefactory.com\/wp-content\/uploads\/2024\/03\/d3af1369ad2d9f7b0bed12545f7aae7.jpg","contentUrl":"https:\/\/globaltextilefactory.com\/wp-content\/uploads\/2024\/03\/d3af1369ad2d9f7b0bed12545f7aae7.jpg","width":828,"height":810},{"@type":"BreadcrumbList","@id":"https:\/\/globaltextilefactory.com\/fr\/produit\/produced-by-tongtongle-toys-wholesale-factory-childrens-frog-jump-height-toy-balance-sense-training-kindergarten-primary-school-students-bouncer-jumping-pole-jumping-ball\/#breadcrumb","itemListElement":[{"@type":"ListItem","position":1,"name":"Home","item":"https:\/\/globaltextilefactory.com\/"},{"@type":"ListItem","position":2,"name":"Shop","item":"https:\/\/globaltextilefactory.com\/shop\/"},{"@type":"ListItem","position":3,"name":"[Produced by Tongtongle toys wholesale factory] Children&#8217;s frog jump height toy balance sense training kindergarten primary school students bouncer jumping pole jumping ball"}]},{"@type":"WebSite","@id":"https:\/\/globaltextilefactory.com\/#website","url":"https:\/\/globaltextilefactory.com\/","name":"globaltextilefactory.com","description":"","publisher":{"@id":"https:\/\/globaltextilefactory.com\/#organization"},"potentialAction":[{"@type":"SearchAction","target":{"@type":"EntryPoint","urlTemplate":"https:\/\/globaltextilefactory.com\/?s={search_term_string}"},"query-input":"required name=search_term_string"}],"inLanguage":"pt-PT"},{"@type":"Organization","@id":"https:\/\/globaltextilefactory.com\/#organization","name":"globaltextilefactory.com","url":"https:\/\/globaltextilefactory.com\/","logo":{"@type":"ImageObject","inLanguage":"pt-PT","@id":"https:\/\/globaltextilefactory.com\/#\/schema\/logo\/image\/","url":"https:\/\/globaltextilefactory.com\/wp-content\/uploads\/2020\/08\/kayuu-logo-dark-1.svg","contentUrl":"https:\/\/globaltextilefactory.com\/wp-content\/uploads\/2020\/08\/kayuu-logo-dark-1.svg","width":100,"height":100,"caption":"globaltextilefactory.com"},"image":{"@id":"https:\/\/globaltextilefactory.com\/#\/schema\/logo\/image\/"}}]}},"_links":{"self":[{"href":"https:\/\/globaltextilefactory.com\/pt\/wp-json\/wp\/v2\/product\/2589"}],"collection":[{"href":"https:\/\/globaltextilefactory.com\/pt\/wp-json\/wp\/v2\/product"}],"about":[{"href":"https:\/\/globaltextilefactory.com\/pt\/wp-json\/wp\/v2\/types\/product"}],"replies":[{"embeddable":true,"href":"https:\/\/globaltextilefactory.com\/pt\/wp-json\/wp\/v2\/comments?post=2589"}],"version-history":[{"count":1,"href":"https:\/\/globaltextilefactory.com\/pt\/wp-json\/wp\/v2\/product\/2589\/revisions"}],"predecessor-version":[{"id":2591,"href":"https:\/\/globaltextilefactory.com\/pt\/wp-json\/wp\/v2\/product\/2589\/revisions\/2591"}],"wp:featuredmedia":[{"embeddable":true,"href":"https:\/\/globaltextilefactory.com\/pt\/wp-json\/wp\/v2\/media\/2590"}],"wp:attachment":[{"href":"https:\/\/globaltextilefactory.com\/pt\/wp-json\/wp\/v2\/media?parent=2589"}],"wp:term":[{"taxonomy":"product_cat","embeddable":true,"href":"https:\/\/globaltextilefactory.com\/pt\/wp-json\/wp\/v2\/product_cat?post=2589"},{"taxonomy":"product_tag","embeddable":true,"href":"https:\/\/globaltextilefactory.com\/pt\/wp-json\/wp\/v2\/product_tag?post=2589"}],"curies":[{"name":"wp","href":"https:\/\/api.w.org\/{rel}","templated":true}]}}