{"id":2380,"date":"2024-03-17T08:47:49","date_gmt":"2024-03-17T00:47:49","guid":{"rendered":"https:\/\/globaltextilefactory.com\/?post_type=product&#038;p=2380"},"modified":"2024-03-18T02:51:55","modified_gmt":"2024-03-17T18:51:55","slug":"please-read-this-link-before-arranging-for-a-subordinate-from-the-senyoupin-factory-to-assist-the-customer-in-purchasing","status":"publish","type":"product","link":"https:\/\/globaltextilefactory.com\/pt\/produto\/please-read-this-link-before-arranging-for-a-subordinate-from-the-senyoupin-factory-to-assist-the-customer-in-purchasing\/","title":{"rendered":"1) Ler esta hiperliga\u00e7\u00e3o antes de solicitar a um subordinado da f\u00e1brica Senyoupin que assista o cliente na compra"},"content":{"rendered":"<p><strong>A fim de satisfazer as necessidades dos clientes da F\u00e1brica de T\u00eaxteis Senyoupin em v\u00e1rios pa\u00edses, s\u00e3o concedidas as seguintes vantagens<\/strong><\/p>\n<p><strong>1. A f\u00e1brica cooperativa significa que a f\u00e1brica de produ\u00e7\u00e3o est\u00e1 localizada no nosso parque industrial, ou seja, n\u00e3o muito longe da nossa f\u00e1brica de t\u00eaxteis.<\/strong><\/p>\n<p><strong>2. ap\u00f3s consulta, a f\u00e1brica cooperativa est\u00e1 disposta a cooperar com a nossa f\u00e1brica t\u00eaxtil. E o pre\u00e7o \u00e9 cerca de 10% inferior ao pre\u00e7o de mercado e vendido aos clientes da f\u00e1brica de t\u00eaxteis Senyoupin, ou os clientes especificam o pre\u00e7o e a qualidade, e a f\u00e1brica de t\u00eaxteis Senyoupin arranja um subordinado para ajudar na aquisi\u00e7\u00e3o.<\/strong><\/p>\n<p><strong>3) A Senyoupin Textile Factory declara que a compra de produtos para os clientes ser\u00e1 sempre efectuada a t\u00edtulo gratuito, sem cobrar quaisquer outras taxas.<\/strong><\/p>\n<p><strong>4. a \u00fanica premissa: 1. os clientes que compram os t\u00eaxteis Senyoupin da nossa empresa podem beneficiar de assist\u00eancia de compra preferencial; 2. ou s\u00e3o recomendados por clientes da f\u00e1brica de t\u00eaxteis Senyoupin, e os nomes dos clientes da f\u00e1brica de t\u00eaxteis Senyoupin s\u00e3o necess\u00e1rios para a introdu\u00e7\u00e3o de amigos.<\/strong><\/p>\n<p><strong>desejo-vos um bom neg\u00f3cio<\/strong><\/p>","protected":false},"excerpt":{"rendered":"<p>In order to meet the needs of customers in various countries of Senyoupin Textile Factory, the following benefits are provided. 1. The cooperative factory means that the production factory is located in our industrial park, that is, not far from our textile factory. 2.After consultation, the cooperative factory is willing to cooperate with our textile [&hellip;]<\/p>","protected":false},"featured_media":2381,"comment_status":"open","ping_status":"closed","template":"","meta":{"site-sidebar-layout":"default","site-content-layout":"","ast-site-content-layout":"default","site-content-style":"default","site-sidebar-style":"default","ast-global-header-display":"","ast-banner-title-visibility":"","ast-main-header-display":"","ast-hfb-above-header-display":"","ast-hfb-below-header-display":"","ast-hfb-mobile-header-display":"","site-post-title":"","ast-breadcrumbs-content":"","ast-featured-img":"","footer-sml-layout":"","theme-transparent-header-meta":"default","adv-header-id-meta":"","stick-header-meta":"","header-above-stick-meta":"","header-main-stick-meta":"","header-below-stick-meta":"","astra-migrate-meta-layouts":"set","ast-page-background-enabled":"default","ast-page-background-meta":{"desktop":{"background-color":"","background-image":"","background-repeat":"repeat","background-position":"center center","background-size":"auto","background-attachment":"scroll","background-type":"","background-media":"","overlay-type":"","overlay-color":"","overlay-gradient":""},"tablet":{"background-color":"","background-image":"","background-repeat":"repeat","background-position":"center center","background-size":"auto","background-attachment":"scroll","background-type":"","background-media":"","overlay-type":"","overlay-color":"","overlay-gradient":""},"mobile":{"background-color":"","background-image":"","background-repeat":"repeat","background-position":"center center","background-size":"auto","background-attachment":"scroll","background-type":"","background-media":"","overlay-type":"","overlay-color":"","overlay-gradient":""}},"ast-content-background-meta":{"desktop":{"background-color":"var(--ast-global-color-5)","background-image":"","background-repeat":"repeat","background-position":"center center","background-size":"auto","background-attachment":"scroll","background-type":"","background-media":"","overlay-type":"","overlay-color":"","overlay-gradient":""},"tablet":{"background-color":"var(--ast-global-color-5)","background-image":"","background-repeat":"repeat","background-position":"center center","background-size":"auto","background-attachment":"scroll","background-type":"","background-media":"","overlay-type":"","overlay-color":"","overlay-gradient":""},"mobile":{"background-color":"var(--ast-global-color-5)","background-image":"","background-repeat":"repeat","background-position":"center center","background-size":"auto","background-attachment":"scroll","background-type":"","background-media":"","overlay-type":"","overlay-color":"","overlay-gradient":""}}},"product_cat":[66,63,64,61,62,69,60,68,67,65],"product_tag":[],"yoast_head":"<!-- This site is optimized with the Yoast SEO plugin v22.3 - https:\/\/yoast.com\/wordpress\/plugins\/seo\/ -->\n<title>1.Please read this link before arranging for a subordinate from the Senyoupin factory to assist the customer in purchasing - globaltextilefactory.com<\/title>\n<meta name=\"robots\" content=\"index, follow, max-snippet:-1, max-image-preview:large, max-video-preview:-1\" \/>\n<link rel=\"canonical\" href=\"https:\/\/globaltextilefactory.com\/pt\/produto\/please-read-this-link-before-arranging-for-a-subordinate-from-the-senyoupin-factory-to-assist-the-customer-in-purchasing\/\" \/>\n<meta property=\"og:locale\" content=\"pt_PT\" \/>\n<meta property=\"og:type\" content=\"article\" \/>\n<meta property=\"og:title\" content=\"1.Please read this link before arranging for a subordinate from the Senyoupin factory to assist the customer in purchasing - globaltextilefactory.com\" \/>\n<meta property=\"og:description\" content=\"In order to meet the needs of customers in various countries of Senyoupin Textile Factory, the following benefits are provided. 1. The cooperative factory means that the production factory is located in our industrial park, that is, not far from our textile factory. 2.After consultation, the cooperative factory is willing to cooperate with our textile [&hellip;]\" \/>\n<meta property=\"og:url\" content=\"https:\/\/globaltextilefactory.com\/pt\/produto\/please-read-this-link-before-arranging-for-a-subordinate-from-the-senyoupin-factory-to-assist-the-customer-in-purchasing\/\" \/>\n<meta property=\"og:site_name\" content=\"globaltextilefactory.com\" \/>\n<meta property=\"article:modified_time\" content=\"2024-03-17T18:51:55+00:00\" \/>\n<meta property=\"og:image\" content=\"https:\/\/globaltextilefactory.com\/wp-content\/uploads\/2024\/03\/1.png\" \/>\n\t<meta property=\"og:image:width\" content=\"1024\" \/>\n\t<meta property=\"og:image:height\" content=\"1020\" \/>\n\t<meta property=\"og:image:type\" content=\"image\/png\" \/>\n<meta name=\"twitter:card\" content=\"summary_large_image\" \/>\n<meta name=\"twitter:label1\" content=\"Tempo estimado de leitura\" \/>\n\t<meta name=\"twitter:data1\" content=\"1 minuto\" \/>\n<script type=\"application\/ld+json\" class=\"yoast-schema-graph\">{\"@context\":\"https:\/\/schema.org\",\"@graph\":[{\"@type\":\"WebPage\",\"@id\":\"https:\/\/globaltextilefactory.com\/ar\/product\/please-read-this-link-before-arranging-for-a-subordinate-from-the-senyoupin-factory-to-assist-the-customer-in-purchasing\/\",\"url\":\"https:\/\/globaltextilefactory.com\/ar\/product\/please-read-this-link-before-arranging-for-a-subordinate-from-the-senyoupin-factory-to-assist-the-customer-in-purchasing\/\",\"name\":\"1.Please read this link before arranging for a subordinate from the Senyoupin factory to assist the customer in purchasing - globaltextilefactory.com\",\"isPartOf\":{\"@id\":\"https:\/\/globaltextilefactory.com\/#website\"},\"primaryImageOfPage\":{\"@id\":\"https:\/\/globaltextilefactory.com\/ar\/product\/please-read-this-link-before-arranging-for-a-subordinate-from-the-senyoupin-factory-to-assist-the-customer-in-purchasing\/#primaryimage\"},\"image\":{\"@id\":\"https:\/\/globaltextilefactory.com\/ar\/product\/please-read-this-link-before-arranging-for-a-subordinate-from-the-senyoupin-factory-to-assist-the-customer-in-purchasing\/#primaryimage\"},\"thumbnailUrl\":\"https:\/\/globaltextilefactory.com\/wp-content\/uploads\/2024\/03\/1.png\",\"datePublished\":\"2024-03-17T00:47:49+00:00\",\"dateModified\":\"2024-03-17T18:51:55+00:00\",\"breadcrumb\":{\"@id\":\"https:\/\/globaltextilefactory.com\/ar\/product\/please-read-this-link-before-arranging-for-a-subordinate-from-the-senyoupin-factory-to-assist-the-customer-in-purchasing\/#breadcrumb\"},\"inLanguage\":\"pt-PT\",\"potentialAction\":[{\"@type\":\"ReadAction\",\"target\":[\"https:\/\/globaltextilefactory.com\/ar\/product\/please-read-this-link-before-arranging-for-a-subordinate-from-the-senyoupin-factory-to-assist-the-customer-in-purchasing\/\"]}]},{\"@type\":\"ImageObject\",\"inLanguage\":\"pt-PT\",\"@id\":\"https:\/\/globaltextilefactory.com\/ar\/product\/please-read-this-link-before-arranging-for-a-subordinate-from-the-senyoupin-factory-to-assist-the-customer-in-purchasing\/#primaryimage\",\"url\":\"https:\/\/globaltextilefactory.com\/wp-content\/uploads\/2024\/03\/1.png\",\"contentUrl\":\"https:\/\/globaltextilefactory.com\/wp-content\/uploads\/2024\/03\/1.png\",\"width\":1024,\"height\":1020},{\"@type\":\"BreadcrumbList\",\"@id\":\"https:\/\/globaltextilefactory.com\/ar\/product\/please-read-this-link-before-arranging-for-a-subordinate-from-the-senyoupin-factory-to-assist-the-customer-in-purchasing\/#breadcrumb\",\"itemListElement\":[{\"@type\":\"ListItem\",\"position\":1,\"name\":\"Home\",\"item\":\"https:\/\/globaltextilefactory.com\/\"},{\"@type\":\"ListItem\",\"position\":2,\"name\":\"Shop\",\"item\":\"https:\/\/globaltextilefactory.com\/shop\/\"},{\"@type\":\"ListItem\",\"position\":3,\"name\":\"1.Please read this link before arranging for a subordinate from the Senyoupin factory to assist the customer in purchasing\"}]},{\"@type\":\"WebSite\",\"@id\":\"https:\/\/globaltextilefactory.com\/#website\",\"url\":\"https:\/\/globaltextilefactory.com\/\",\"name\":\"globaltextilefactory.com\",\"description\":\"\",\"publisher\":{\"@id\":\"https:\/\/globaltextilefactory.com\/#organization\"},\"potentialAction\":[{\"@type\":\"SearchAction\",\"target\":{\"@type\":\"EntryPoint\",\"urlTemplate\":\"https:\/\/globaltextilefactory.com\/?s={search_term_string}\"},\"query-input\":\"required name=search_term_string\"}],\"inLanguage\":\"pt-PT\"},{\"@type\":\"Organization\",\"@id\":\"https:\/\/globaltextilefactory.com\/#organization\",\"name\":\"globaltextilefactory.com\",\"url\":\"https:\/\/globaltextilefactory.com\/\",\"logo\":{\"@type\":\"ImageObject\",\"inLanguage\":\"pt-PT\",\"@id\":\"https:\/\/globaltextilefactory.com\/#\/schema\/logo\/image\/\",\"url\":\"https:\/\/globaltextilefactory.com\/wp-content\/uploads\/2020\/08\/kayuu-logo-dark-1.svg\",\"contentUrl\":\"https:\/\/globaltextilefactory.com\/wp-content\/uploads\/2020\/08\/kayuu-logo-dark-1.svg\",\"width\":100,\"height\":100,\"caption\":\"globaltextilefactory.com\"},\"image\":{\"@id\":\"https:\/\/globaltextilefactory.com\/#\/schema\/logo\/image\/\"}}]}<\/script>\n<!-- \/ Yoast SEO plugin. -->","yoast_head_json":{"title":"1.Please read this link before arranging for a subordinate from the Senyoupin factory to assist the customer in purchasing - globaltextilefactory.com","robots":{"index":"index","follow":"follow","max-snippet":"max-snippet:-1","max-image-preview":"max-image-preview:large","max-video-preview":"max-video-preview:-1"},"canonical":"https:\/\/globaltextilefactory.com\/pt\/produto\/please-read-this-link-before-arranging-for-a-subordinate-from-the-senyoupin-factory-to-assist-the-customer-in-purchasing\/","og_locale":"pt_PT","og_type":"article","og_title":"1.Please read this link before arranging for a subordinate from the Senyoupin factory to assist the customer in purchasing - globaltextilefactory.com","og_description":"In order to meet the needs of customers in various countries of Senyoupin Textile Factory, the following benefits are provided. 1. The cooperative factory means that the production factory is located in our industrial park, that is, not far from our textile factory. 2.After consultation, the cooperative factory is willing to cooperate with our textile [&hellip;]","og_url":"https:\/\/globaltextilefactory.com\/pt\/produto\/please-read-this-link-before-arranging-for-a-subordinate-from-the-senyoupin-factory-to-assist-the-customer-in-purchasing\/","og_site_name":"globaltextilefactory.com","article_modified_time":"2024-03-17T18:51:55+00:00","og_image":[{"width":1024,"height":1020,"url":"https:\/\/globaltextilefactory.com\/wp-content\/uploads\/2024\/03\/1.png","type":"image\/png"}],"twitter_card":"summary_large_image","twitter_misc":{"Tempo estimado de leitura":"1 minuto"},"schema":{"@context":"https:\/\/schema.org","@graph":[{"@type":"WebPage","@id":"https:\/\/globaltextilefactory.com\/ar\/product\/please-read-this-link-before-arranging-for-a-subordinate-from-the-senyoupin-factory-to-assist-the-customer-in-purchasing\/","url":"https:\/\/globaltextilefactory.com\/ar\/product\/please-read-this-link-before-arranging-for-a-subordinate-from-the-senyoupin-factory-to-assist-the-customer-in-purchasing\/","name":"1.Please read this link before arranging for a subordinate from the Senyoupin factory to assist the customer in purchasing - globaltextilefactory.com","isPartOf":{"@id":"https:\/\/globaltextilefactory.com\/#website"},"primaryImageOfPage":{"@id":"https:\/\/globaltextilefactory.com\/ar\/product\/please-read-this-link-before-arranging-for-a-subordinate-from-the-senyoupin-factory-to-assist-the-customer-in-purchasing\/#primaryimage"},"image":{"@id":"https:\/\/globaltextilefactory.com\/ar\/product\/please-read-this-link-before-arranging-for-a-subordinate-from-the-senyoupin-factory-to-assist-the-customer-in-purchasing\/#primaryimage"},"thumbnailUrl":"https:\/\/globaltextilefactory.com\/wp-content\/uploads\/2024\/03\/1.png","datePublished":"2024-03-17T00:47:49+00:00","dateModified":"2024-03-17T18:51:55+00:00","breadcrumb":{"@id":"https:\/\/globaltextilefactory.com\/ar\/product\/please-read-this-link-before-arranging-for-a-subordinate-from-the-senyoupin-factory-to-assist-the-customer-in-purchasing\/#breadcrumb"},"inLanguage":"pt-PT","potentialAction":[{"@type":"ReadAction","target":["https:\/\/globaltextilefactory.com\/ar\/product\/please-read-this-link-before-arranging-for-a-subordinate-from-the-senyoupin-factory-to-assist-the-customer-in-purchasing\/"]}]},{"@type":"ImageObject","inLanguage":"pt-PT","@id":"https:\/\/globaltextilefactory.com\/ar\/product\/please-read-this-link-before-arranging-for-a-subordinate-from-the-senyoupin-factory-to-assist-the-customer-in-purchasing\/#primaryimage","url":"https:\/\/globaltextilefactory.com\/wp-content\/uploads\/2024\/03\/1.png","contentUrl":"https:\/\/globaltextilefactory.com\/wp-content\/uploads\/2024\/03\/1.png","width":1024,"height":1020},{"@type":"BreadcrumbList","@id":"https:\/\/globaltextilefactory.com\/ar\/product\/please-read-this-link-before-arranging-for-a-subordinate-from-the-senyoupin-factory-to-assist-the-customer-in-purchasing\/#breadcrumb","itemListElement":[{"@type":"ListItem","position":1,"name":"Home","item":"https:\/\/globaltextilefactory.com\/"},{"@type":"ListItem","position":2,"name":"Shop","item":"https:\/\/globaltextilefactory.com\/shop\/"},{"@type":"ListItem","position":3,"name":"1.Please read this link before arranging for a subordinate from the Senyoupin factory to assist the customer in purchasing"}]},{"@type":"WebSite","@id":"https:\/\/globaltextilefactory.com\/#website","url":"https:\/\/globaltextilefactory.com\/","name":"globaltextilefactory.com","description":"","publisher":{"@id":"https:\/\/globaltextilefactory.com\/#organization"},"potentialAction":[{"@type":"SearchAction","target":{"@type":"EntryPoint","urlTemplate":"https:\/\/globaltextilefactory.com\/?s={search_term_string}"},"query-input":"required name=search_term_string"}],"inLanguage":"pt-PT"},{"@type":"Organization","@id":"https:\/\/globaltextilefactory.com\/#organization","name":"globaltextilefactory.com","url":"https:\/\/globaltextilefactory.com\/","logo":{"@type":"ImageObject","inLanguage":"pt-PT","@id":"https:\/\/globaltextilefactory.com\/#\/schema\/logo\/image\/","url":"https:\/\/globaltextilefactory.com\/wp-content\/uploads\/2020\/08\/kayuu-logo-dark-1.svg","contentUrl":"https:\/\/globaltextilefactory.com\/wp-content\/uploads\/2020\/08\/kayuu-logo-dark-1.svg","width":100,"height":100,"caption":"globaltextilefactory.com"},"image":{"@id":"https:\/\/globaltextilefactory.com\/#\/schema\/logo\/image\/"}}]}},"_links":{"self":[{"href":"https:\/\/globaltextilefactory.com\/pt\/wp-json\/wp\/v2\/product\/2380"}],"collection":[{"href":"https:\/\/globaltextilefactory.com\/pt\/wp-json\/wp\/v2\/product"}],"about":[{"href":"https:\/\/globaltextilefactory.com\/pt\/wp-json\/wp\/v2\/types\/product"}],"replies":[{"embeddable":true,"href":"https:\/\/globaltextilefactory.com\/pt\/wp-json\/wp\/v2\/comments?post=2380"}],"version-history":[{"count":9,"href":"https:\/\/globaltextilefactory.com\/pt\/wp-json\/wp\/v2\/product\/2380\/revisions"}],"predecessor-version":[{"id":2457,"href":"https:\/\/globaltextilefactory.com\/pt\/wp-json\/wp\/v2\/product\/2380\/revisions\/2457"}],"wp:featuredmedia":[{"embeddable":true,"href":"https:\/\/globaltextilefactory.com\/pt\/wp-json\/wp\/v2\/media\/2381"}],"wp:attachment":[{"href":"https:\/\/globaltextilefactory.com\/pt\/wp-json\/wp\/v2\/media?parent=2380"}],"wp:term":[{"taxonomy":"product_cat","embeddable":true,"href":"https:\/\/globaltextilefactory.com\/pt\/wp-json\/wp\/v2\/product_cat?post=2380"},{"taxonomy":"product_tag","embeddable":true,"href":"https:\/\/globaltextilefactory.com\/pt\/wp-json\/wp\/v2\/product_tag?post=2380"}],"curies":[{"name":"wp","href":"https:\/\/api.w.org\/{rel}","templated":true}]}}