{"id":2078,"date":"2024-03-15T12:22:32","date_gmt":"2024-03-15T04:22:32","guid":{"rendered":"https:\/\/globaltextilefactory.com\/?post_type=product&#038;p=2078"},"modified":"2024-03-15T12:22:32","modified_gmt":"2024-03-15T04:22:32","slug":"20-years-of-direct-supply-from-manufacturers-for-high-quality-clothing-greenhouse-bedding-non-adhesive-cotton-high-elasticity-spray-glue-cotton-mattress-cotton-filling-customized","status":"publish","type":"product","link":"https:\/\/globaltextilefactory.com\/pt\/produto\/20-years-of-direct-supply-from-manufacturers-for-high-quality-clothing-greenhouse-bedding-non-adhesive-cotton-high-elasticity-spray-glue-cotton-mattress-cotton-filling-customized\/","title":{"rendered":"20 anos de fornecimento direto dos fabricantes de vestu\u00e1rio de alta qualidade, roupa de cama para estufas, algod\u00e3o n\u00e3o adesivo, algod\u00e3o com cola em spray de alta elasticidade, colch\u00e3o, enchimento de algod\u00e3o, personalizado"},"content":{"rendered":"","protected":false},"excerpt":{"rendered":"","protected":false},"featured_media":2079,"comment_status":"open","ping_status":"closed","template":"","meta":{"site-sidebar-layout":"default","site-content-layout":"","ast-site-content-layout":"default","site-content-style":"default","site-sidebar-style":"default","ast-global-header-display":"","ast-banner-title-visibility":"","ast-main-header-display":"","ast-hfb-above-header-display":"","ast-hfb-below-header-display":"","ast-hfb-mobile-header-display":"","site-post-title":"","ast-breadcrumbs-content":"","ast-featured-img":"","footer-sml-layout":"","theme-transparent-header-meta":"default","adv-header-id-meta":"","stick-header-meta":"","header-above-stick-meta":"","header-main-stick-meta":"","header-below-stick-meta":"","astra-migrate-meta-layouts":"set","ast-page-background-enabled":"default","ast-page-background-meta":{"desktop":{"background-color":"","background-image":"","background-repeat":"repeat","background-position":"center center","background-size":"auto","background-attachment":"scroll","background-type":"","background-media":"","overlay-type":"","overlay-color":"","overlay-gradient":""},"tablet":{"background-color":"","background-image":"","background-repeat":"repeat","background-position":"center center","background-size":"auto","background-attachment":"scroll","background-type":"","background-media":"","overlay-type":"","overlay-color":"","overlay-gradient":""},"mobile":{"background-color":"","background-image":"","background-repeat":"repeat","background-position":"center center","background-size":"auto","background-attachment":"scroll","background-type":"","background-media":"","overlay-type":"","overlay-color":"","overlay-gradient":""}},"ast-content-background-meta":{"desktop":{"background-color":"var(--ast-global-color-5)","background-image":"","background-repeat":"repeat","background-position":"center center","background-size":"auto","background-attachment":"scroll","background-type":"","background-media":"","overlay-type":"","overlay-color":"","overlay-gradient":""},"tablet":{"background-color":"var(--ast-global-color-5)","background-image":"","background-repeat":"repeat","background-position":"center center","background-size":"auto","background-attachment":"scroll","background-type":"","background-media":"","overlay-type":"","overlay-color":"","overlay-gradient":""},"mobile":{"background-color":"var(--ast-global-color-5)","background-image":"","background-repeat":"repeat","background-position":"center center","background-size":"auto","background-attachment":"scroll","background-type":"","background-media":"","overlay-type":"","overlay-color":"","overlay-gradient":""}}},"product_cat":[45],"product_tag":[],"yoast_head":"<!-- This site is optimized with the Yoast SEO plugin v22.3 - https:\/\/yoast.com\/wordpress\/plugins\/seo\/ -->\n<title>20 years of direct supply from manufacturers for high-quality clothing, greenhouse bedding, non adhesive cotton, high elasticity spray glue cotton, mattress, cotton filling, customized - globaltextilefactory.com<\/title>\n<meta name=\"robots\" content=\"index, follow, max-snippet:-1, max-image-preview:large, max-video-preview:-1\" \/>\n<link rel=\"canonical\" href=\"https:\/\/globaltextilefactory.com\/pt\/producto\/20-years-of-direct-supply-from-manufacturers-for-high-quality-clothing-greenhouse-bedding-non-adhesive-cotton-high-elasticity-spray-glue-cotton-mattress-cotton-filling-customized\/\" \/>\n<meta property=\"og:locale\" content=\"pt_PT\" \/>\n<meta property=\"og:type\" content=\"article\" \/>\n<meta property=\"og:title\" content=\"20 years of direct supply from manufacturers for high-quality clothing, greenhouse bedding, non adhesive cotton, high elasticity spray glue cotton, mattress, cotton filling, customized - globaltextilefactory.com\" \/>\n<meta property=\"og:url\" content=\"https:\/\/globaltextilefactory.com\/pt\/producto\/20-years-of-direct-supply-from-manufacturers-for-high-quality-clothing-greenhouse-bedding-non-adhesive-cotton-high-elasticity-spray-glue-cotton-mattress-cotton-filling-customized\/\" \/>\n<meta property=\"og:site_name\" content=\"globaltextilefactory.com\" \/>\n<meta property=\"og:image\" content=\"https:\/\/globaltextilefactory.com\/wp-content\/uploads\/2024\/03\/592dfe0654c6816c54239971543a82a.jpg\" \/>\n\t<meta property=\"og:image:width\" content=\"800\" \/>\n\t<meta property=\"og:image:height\" content=\"564\" \/>\n\t<meta property=\"og:image:type\" content=\"image\/jpeg\" \/>\n<meta name=\"twitter:card\" content=\"summary_large_image\" \/>\n<script type=\"application\/ld+json\" class=\"yoast-schema-graph\">{\"@context\":\"https:\/\/schema.org\",\"@graph\":[{\"@type\":\"WebPage\",\"@id\":\"https:\/\/globaltextilefactory.com\/es\/producto\/20-years-of-direct-supply-from-manufacturers-for-high-quality-clothing-greenhouse-bedding-non-adhesive-cotton-high-elasticity-spray-glue-cotton-mattress-cotton-filling-customized\/\",\"url\":\"https:\/\/globaltextilefactory.com\/es\/producto\/20-years-of-direct-supply-from-manufacturers-for-high-quality-clothing-greenhouse-bedding-non-adhesive-cotton-high-elasticity-spray-glue-cotton-mattress-cotton-filling-customized\/\",\"name\":\"20 years of direct supply from manufacturers for high-quality clothing, greenhouse bedding, non adhesive cotton, high elasticity spray glue cotton, mattress, cotton filling, customized - globaltextilefactory.com\",\"isPartOf\":{\"@id\":\"https:\/\/globaltextilefactory.com\/#website\"},\"primaryImageOfPage\":{\"@id\":\"https:\/\/globaltextilefactory.com\/es\/producto\/20-years-of-direct-supply-from-manufacturers-for-high-quality-clothing-greenhouse-bedding-non-adhesive-cotton-high-elasticity-spray-glue-cotton-mattress-cotton-filling-customized\/#primaryimage\"},\"image\":{\"@id\":\"https:\/\/globaltextilefactory.com\/es\/producto\/20-years-of-direct-supply-from-manufacturers-for-high-quality-clothing-greenhouse-bedding-non-adhesive-cotton-high-elasticity-spray-glue-cotton-mattress-cotton-filling-customized\/#primaryimage\"},\"thumbnailUrl\":\"https:\/\/globaltextilefactory.com\/wp-content\/uploads\/2024\/03\/592dfe0654c6816c54239971543a82a.jpg\",\"datePublished\":\"2024-03-15T04:22:32+00:00\",\"dateModified\":\"2024-03-15T04:22:32+00:00\",\"breadcrumb\":{\"@id\":\"https:\/\/globaltextilefactory.com\/es\/producto\/20-years-of-direct-supply-from-manufacturers-for-high-quality-clothing-greenhouse-bedding-non-adhesive-cotton-high-elasticity-spray-glue-cotton-mattress-cotton-filling-customized\/#breadcrumb\"},\"inLanguage\":\"pt-PT\",\"potentialAction\":[{\"@type\":\"ReadAction\",\"target\":[\"https:\/\/globaltextilefactory.com\/es\/producto\/20-years-of-direct-supply-from-manufacturers-for-high-quality-clothing-greenhouse-bedding-non-adhesive-cotton-high-elasticity-spray-glue-cotton-mattress-cotton-filling-customized\/\"]}]},{\"@type\":\"ImageObject\",\"inLanguage\":\"pt-PT\",\"@id\":\"https:\/\/globaltextilefactory.com\/es\/producto\/20-years-of-direct-supply-from-manufacturers-for-high-quality-clothing-greenhouse-bedding-non-adhesive-cotton-high-elasticity-spray-glue-cotton-mattress-cotton-filling-customized\/#primaryimage\",\"url\":\"https:\/\/globaltextilefactory.com\/wp-content\/uploads\/2024\/03\/592dfe0654c6816c54239971543a82a.jpg\",\"contentUrl\":\"https:\/\/globaltextilefactory.com\/wp-content\/uploads\/2024\/03\/592dfe0654c6816c54239971543a82a.jpg\",\"width\":800,\"height\":564},{\"@type\":\"BreadcrumbList\",\"@id\":\"https:\/\/globaltextilefactory.com\/es\/producto\/20-years-of-direct-supply-from-manufacturers-for-high-quality-clothing-greenhouse-bedding-non-adhesive-cotton-high-elasticity-spray-glue-cotton-mattress-cotton-filling-customized\/#breadcrumb\",\"itemListElement\":[{\"@type\":\"ListItem\",\"position\":1,\"name\":\"Home\",\"item\":\"https:\/\/globaltextilefactory.com\/\"},{\"@type\":\"ListItem\",\"position\":2,\"name\":\"Shop\",\"item\":\"https:\/\/globaltextilefactory.com\/shop\/\"},{\"@type\":\"ListItem\",\"position\":3,\"name\":\"20 years of direct supply from manufacturers for high-quality clothing, greenhouse bedding, non adhesive cotton, high elasticity spray glue cotton, mattress, cotton filling, customized\"}]},{\"@type\":\"WebSite\",\"@id\":\"https:\/\/globaltextilefactory.com\/#website\",\"url\":\"https:\/\/globaltextilefactory.com\/\",\"name\":\"globaltextilefactory.com\",\"description\":\"\",\"publisher\":{\"@id\":\"https:\/\/globaltextilefactory.com\/#organization\"},\"potentialAction\":[{\"@type\":\"SearchAction\",\"target\":{\"@type\":\"EntryPoint\",\"urlTemplate\":\"https:\/\/globaltextilefactory.com\/?s={search_term_string}\"},\"query-input\":\"required name=search_term_string\"}],\"inLanguage\":\"pt-PT\"},{\"@type\":\"Organization\",\"@id\":\"https:\/\/globaltextilefactory.com\/#organization\",\"name\":\"globaltextilefactory.com\",\"url\":\"https:\/\/globaltextilefactory.com\/\",\"logo\":{\"@type\":\"ImageObject\",\"inLanguage\":\"pt-PT\",\"@id\":\"https:\/\/globaltextilefactory.com\/#\/schema\/logo\/image\/\",\"url\":\"https:\/\/globaltextilefactory.com\/wp-content\/uploads\/2020\/08\/kayuu-logo-dark-1.svg\",\"contentUrl\":\"https:\/\/globaltextilefactory.com\/wp-content\/uploads\/2020\/08\/kayuu-logo-dark-1.svg\",\"width\":100,\"height\":100,\"caption\":\"globaltextilefactory.com\"},\"image\":{\"@id\":\"https:\/\/globaltextilefactory.com\/#\/schema\/logo\/image\/\"}}]}<\/script>\n<!-- \/ Yoast SEO plugin. -->","yoast_head_json":{"title":"20 years of direct supply from manufacturers for high-quality clothing, greenhouse bedding, non adhesive cotton, high elasticity spray glue cotton, mattress, cotton filling, customized - globaltextilefactory.com","robots":{"index":"index","follow":"follow","max-snippet":"max-snippet:-1","max-image-preview":"max-image-preview:large","max-video-preview":"max-video-preview:-1"},"canonical":"https:\/\/globaltextilefactory.com\/pt\/producto\/20-years-of-direct-supply-from-manufacturers-for-high-quality-clothing-greenhouse-bedding-non-adhesive-cotton-high-elasticity-spray-glue-cotton-mattress-cotton-filling-customized\/","og_locale":"pt_PT","og_type":"article","og_title":"20 years of direct supply from manufacturers for high-quality clothing, greenhouse bedding, non adhesive cotton, high elasticity spray glue cotton, mattress, cotton filling, customized - globaltextilefactory.com","og_url":"https:\/\/globaltextilefactory.com\/pt\/producto\/20-years-of-direct-supply-from-manufacturers-for-high-quality-clothing-greenhouse-bedding-non-adhesive-cotton-high-elasticity-spray-glue-cotton-mattress-cotton-filling-customized\/","og_site_name":"globaltextilefactory.com","og_image":[{"width":800,"height":564,"url":"https:\/\/globaltextilefactory.com\/wp-content\/uploads\/2024\/03\/592dfe0654c6816c54239971543a82a.jpg","type":"image\/jpeg"}],"twitter_card":"summary_large_image","schema":{"@context":"https:\/\/schema.org","@graph":[{"@type":"WebPage","@id":"https:\/\/globaltextilefactory.com\/es\/producto\/20-years-of-direct-supply-from-manufacturers-for-high-quality-clothing-greenhouse-bedding-non-adhesive-cotton-high-elasticity-spray-glue-cotton-mattress-cotton-filling-customized\/","url":"https:\/\/globaltextilefactory.com\/es\/producto\/20-years-of-direct-supply-from-manufacturers-for-high-quality-clothing-greenhouse-bedding-non-adhesive-cotton-high-elasticity-spray-glue-cotton-mattress-cotton-filling-customized\/","name":"20 years of direct supply from manufacturers for high-quality clothing, greenhouse bedding, non adhesive cotton, high elasticity spray glue cotton, mattress, cotton filling, customized - globaltextilefactory.com","isPartOf":{"@id":"https:\/\/globaltextilefactory.com\/#website"},"primaryImageOfPage":{"@id":"https:\/\/globaltextilefactory.com\/es\/producto\/20-years-of-direct-supply-from-manufacturers-for-high-quality-clothing-greenhouse-bedding-non-adhesive-cotton-high-elasticity-spray-glue-cotton-mattress-cotton-filling-customized\/#primaryimage"},"image":{"@id":"https:\/\/globaltextilefactory.com\/es\/producto\/20-years-of-direct-supply-from-manufacturers-for-high-quality-clothing-greenhouse-bedding-non-adhesive-cotton-high-elasticity-spray-glue-cotton-mattress-cotton-filling-customized\/#primaryimage"},"thumbnailUrl":"https:\/\/globaltextilefactory.com\/wp-content\/uploads\/2024\/03\/592dfe0654c6816c54239971543a82a.jpg","datePublished":"2024-03-15T04:22:32+00:00","dateModified":"2024-03-15T04:22:32+00:00","breadcrumb":{"@id":"https:\/\/globaltextilefactory.com\/es\/producto\/20-years-of-direct-supply-from-manufacturers-for-high-quality-clothing-greenhouse-bedding-non-adhesive-cotton-high-elasticity-spray-glue-cotton-mattress-cotton-filling-customized\/#breadcrumb"},"inLanguage":"pt-PT","potentialAction":[{"@type":"ReadAction","target":["https:\/\/globaltextilefactory.com\/es\/producto\/20-years-of-direct-supply-from-manufacturers-for-high-quality-clothing-greenhouse-bedding-non-adhesive-cotton-high-elasticity-spray-glue-cotton-mattress-cotton-filling-customized\/"]}]},{"@type":"ImageObject","inLanguage":"pt-PT","@id":"https:\/\/globaltextilefactory.com\/es\/producto\/20-years-of-direct-supply-from-manufacturers-for-high-quality-clothing-greenhouse-bedding-non-adhesive-cotton-high-elasticity-spray-glue-cotton-mattress-cotton-filling-customized\/#primaryimage","url":"https:\/\/globaltextilefactory.com\/wp-content\/uploads\/2024\/03\/592dfe0654c6816c54239971543a82a.jpg","contentUrl":"https:\/\/globaltextilefactory.com\/wp-content\/uploads\/2024\/03\/592dfe0654c6816c54239971543a82a.jpg","width":800,"height":564},{"@type":"BreadcrumbList","@id":"https:\/\/globaltextilefactory.com\/es\/producto\/20-years-of-direct-supply-from-manufacturers-for-high-quality-clothing-greenhouse-bedding-non-adhesive-cotton-high-elasticity-spray-glue-cotton-mattress-cotton-filling-customized\/#breadcrumb","itemListElement":[{"@type":"ListItem","position":1,"name":"Home","item":"https:\/\/globaltextilefactory.com\/"},{"@type":"ListItem","position":2,"name":"Shop","item":"https:\/\/globaltextilefactory.com\/shop\/"},{"@type":"ListItem","position":3,"name":"20 years of direct supply from manufacturers for high-quality clothing, greenhouse bedding, non adhesive cotton, high elasticity spray glue cotton, mattress, cotton filling, customized"}]},{"@type":"WebSite","@id":"https:\/\/globaltextilefactory.com\/#website","url":"https:\/\/globaltextilefactory.com\/","name":"globaltextilefactory.com","description":"","publisher":{"@id":"https:\/\/globaltextilefactory.com\/#organization"},"potentialAction":[{"@type":"SearchAction","target":{"@type":"EntryPoint","urlTemplate":"https:\/\/globaltextilefactory.com\/?s={search_term_string}"},"query-input":"required name=search_term_string"}],"inLanguage":"pt-PT"},{"@type":"Organization","@id":"https:\/\/globaltextilefactory.com\/#organization","name":"globaltextilefactory.com","url":"https:\/\/globaltextilefactory.com\/","logo":{"@type":"ImageObject","inLanguage":"pt-PT","@id":"https:\/\/globaltextilefactory.com\/#\/schema\/logo\/image\/","url":"https:\/\/globaltextilefactory.com\/wp-content\/uploads\/2020\/08\/kayuu-logo-dark-1.svg","contentUrl":"https:\/\/globaltextilefactory.com\/wp-content\/uploads\/2020\/08\/kayuu-logo-dark-1.svg","width":100,"height":100,"caption":"globaltextilefactory.com"},"image":{"@id":"https:\/\/globaltextilefactory.com\/#\/schema\/logo\/image\/"}}]}},"_links":{"self":[{"href":"https:\/\/globaltextilefactory.com\/pt\/wp-json\/wp\/v2\/product\/2078"}],"collection":[{"href":"https:\/\/globaltextilefactory.com\/pt\/wp-json\/wp\/v2\/product"}],"about":[{"href":"https:\/\/globaltextilefactory.com\/pt\/wp-json\/wp\/v2\/types\/product"}],"replies":[{"embeddable":true,"href":"https:\/\/globaltextilefactory.com\/pt\/wp-json\/wp\/v2\/comments?post=2078"}],"version-history":[{"count":1,"href":"https:\/\/globaltextilefactory.com\/pt\/wp-json\/wp\/v2\/product\/2078\/revisions"}],"predecessor-version":[{"id":2080,"href":"https:\/\/globaltextilefactory.com\/pt\/wp-json\/wp\/v2\/product\/2078\/revisions\/2080"}],"wp:featuredmedia":[{"embeddable":true,"href":"https:\/\/globaltextilefactory.com\/pt\/wp-json\/wp\/v2\/media\/2079"}],"wp:attachment":[{"href":"https:\/\/globaltextilefactory.com\/pt\/wp-json\/wp\/v2\/media?parent=2078"}],"wp:term":[{"taxonomy":"product_cat","embeddable":true,"href":"https:\/\/globaltextilefactory.com\/pt\/wp-json\/wp\/v2\/product_cat?post=2078"},{"taxonomy":"product_tag","embeddable":true,"href":"https:\/\/globaltextilefactory.com\/pt\/wp-json\/wp\/v2\/product_tag?post=2078"}],"curies":[{"name":"wp","href":"https:\/\/api.w.org\/{rel}","templated":true}]}}