{"id":2380,"date":"2024-03-17T08:47:49","date_gmt":"2024-03-17T00:47:49","guid":{"rendered":"https:\/\/globaltextilefactory.com\/?post_type=product&#038;p=2380"},"modified":"2024-03-18T02:51:55","modified_gmt":"2024-03-17T18:51:55","slug":"please-read-this-link-before-arranging-for-a-subordinate-from-the-senyoupin-factory-to-assist-the-customer-in-purchasing","status":"publish","type":"product","link":"https:\/\/globaltextilefactory.com\/fr\/produit\/please-read-this-link-before-arranging-for-a-subordinate-from-the-senyoupin-factory-to-assist-the-customer-in-purchasing\/","title":{"rendered":"1) Veuillez lire ce lien avant de demander \u00e0 un subordonn\u00e9 de l'usine de Senyoupin d'aider le client \u00e0 acheter."},"content":{"rendered":"<p><strong>Afin de r\u00e9pondre aux besoins des clients de Senyoupin Textile Factory dans les diff\u00e9rents pays, les avantages suivants sont offerts.<\/strong><\/p>\n<p><strong>1. L'usine coop\u00e9rative signifie que l'usine de production est situ\u00e9e dans notre parc industriel, c'est-\u00e0-dire non loin de notre usine textile.<\/strong><\/p>\n<p><strong>2. apr\u00e8s consultation, l'usine coop\u00e9rative est dispos\u00e9e \u00e0 coop\u00e9rer avec notre usine textile. Le prix est inf\u00e9rieur d'environ 10% au prix du march\u00e9 et est vendu aux clients de l'usine textile de Senyoupin, ou bien les clients sp\u00e9cifient le prix et la qualit\u00e9, et l'usine textile de Senyoupin organise un subordonn\u00e9 pour aider \u00e0 l'approvisionnement.<\/strong><\/p>\n<p><strong>3. il est d\u00e9clar\u00e9 par la pr\u00e9sente que Senyoupin Textile Factory ach\u00e8tera des produits pour les clients gratuitement et en permanence, sans facturer d'autres frais.<\/strong><\/p>\n<p><strong>4. la seule condition : 1. les clients qui ach\u00e8tent des textiles Senyoupin de notre soci\u00e9t\u00e9 peuvent b\u00e9n\u00e9ficier d'une aide \u00e0 l'achat pr\u00e9f\u00e9rentielle ; 2. ou ils sont recommand\u00e9s par des clients de l'usine textile Senyoupin, et les noms des clients de l'usine textile Senyoupin sont exig\u00e9s pour la pr\u00e9sentation des amis.<\/strong><\/p>\n<p><strong>Je vous souhaite de bonnes affaires<\/strong><\/p>","protected":false},"excerpt":{"rendered":"<p>In order to meet the needs of customers in various countries of Senyoupin Textile Factory, the following benefits are provided. 1. The cooperative factory means that the production factory is located in our industrial park, that is, not far from our textile factory. 2.After consultation, the cooperative factory is willing to cooperate with our textile [&hellip;]<\/p>","protected":false},"featured_media":2381,"comment_status":"open","ping_status":"closed","template":"","meta":{"site-sidebar-layout":"default","site-content-layout":"","ast-site-content-layout":"default","site-content-style":"default","site-sidebar-style":"default","ast-global-header-display":"","ast-banner-title-visibility":"","ast-main-header-display":"","ast-hfb-above-header-display":"","ast-hfb-below-header-display":"","ast-hfb-mobile-header-display":"","site-post-title":"","ast-breadcrumbs-content":"","ast-featured-img":"","footer-sml-layout":"","theme-transparent-header-meta":"default","adv-header-id-meta":"","stick-header-meta":"","header-above-stick-meta":"","header-main-stick-meta":"","header-below-stick-meta":"","astra-migrate-meta-layouts":"set","ast-page-background-enabled":"default","ast-page-background-meta":{"desktop":{"background-color":"","background-image":"","background-repeat":"repeat","background-position":"center center","background-size":"auto","background-attachment":"scroll","background-type":"","background-media":"","overlay-type":"","overlay-color":"","overlay-gradient":""},"tablet":{"background-color":"","background-image":"","background-repeat":"repeat","background-position":"center center","background-size":"auto","background-attachment":"scroll","background-type":"","background-media":"","overlay-type":"","overlay-color":"","overlay-gradient":""},"mobile":{"background-color":"","background-image":"","background-repeat":"repeat","background-position":"center center","background-size":"auto","background-attachment":"scroll","background-type":"","background-media":"","overlay-type":"","overlay-color":"","overlay-gradient":""}},"ast-content-background-meta":{"desktop":{"background-color":"var(--ast-global-color-5)","background-image":"","background-repeat":"repeat","background-position":"center center","background-size":"auto","background-attachment":"scroll","background-type":"","background-media":"","overlay-type":"","overlay-color":"","overlay-gradient":""},"tablet":{"background-color":"var(--ast-global-color-5)","background-image":"","background-repeat":"repeat","background-position":"center center","background-size":"auto","background-attachment":"scroll","background-type":"","background-media":"","overlay-type":"","overlay-color":"","overlay-gradient":""},"mobile":{"background-color":"var(--ast-global-color-5)","background-image":"","background-repeat":"repeat","background-position":"center center","background-size":"auto","background-attachment":"scroll","background-type":"","background-media":"","overlay-type":"","overlay-color":"","overlay-gradient":""}}},"product_cat":[66,63,64,61,62,69,60,68,67,65],"product_tag":[],"yoast_head":"<!-- This site is optimized with the Yoast SEO plugin v22.3 - https:\/\/yoast.com\/wordpress\/plugins\/seo\/ -->\n<title>1.Please read this link before arranging for a subordinate from the Senyoupin factory to assist the customer in purchasing - globaltextilefactory.com<\/title>\n<meta name=\"robots\" content=\"index, follow, max-snippet:-1, max-image-preview:large, max-video-preview:-1\" \/>\n<link rel=\"canonical\" href=\"https:\/\/globaltextilefactory.com\/fr\/produit\/please-read-this-link-before-arranging-for-a-subordinate-from-the-senyoupin-factory-to-assist-the-customer-in-purchasing\/\" \/>\n<meta property=\"og:locale\" content=\"fr_FR\" \/>\n<meta property=\"og:type\" content=\"article\" \/>\n<meta property=\"og:title\" content=\"1.Please read this link before arranging for a subordinate from the Senyoupin factory to assist the customer in purchasing - globaltextilefactory.com\" \/>\n<meta property=\"og:description\" content=\"In order to meet the needs of customers in various countries of Senyoupin Textile Factory, the following benefits are provided. 1. The cooperative factory means that the production factory is located in our industrial park, that is, not far from our textile factory. 2.After consultation, the cooperative factory is willing to cooperate with our textile [&hellip;]\" \/>\n<meta property=\"og:url\" content=\"https:\/\/globaltextilefactory.com\/fr\/produit\/please-read-this-link-before-arranging-for-a-subordinate-from-the-senyoupin-factory-to-assist-the-customer-in-purchasing\/\" \/>\n<meta property=\"og:site_name\" content=\"globaltextilefactory.com\" \/>\n<meta property=\"article:modified_time\" content=\"2024-03-17T18:51:55+00:00\" \/>\n<meta property=\"og:image\" content=\"https:\/\/globaltextilefactory.com\/wp-content\/uploads\/2024\/03\/1.png\" \/>\n\t<meta property=\"og:image:width\" content=\"1024\" \/>\n\t<meta property=\"og:image:height\" content=\"1020\" \/>\n\t<meta property=\"og:image:type\" content=\"image\/png\" \/>\n<meta name=\"twitter:card\" content=\"summary_large_image\" \/>\n<meta name=\"twitter:label1\" content=\"Dur\u00e9e de lecture estim\u00e9e\" \/>\n\t<meta name=\"twitter:data1\" content=\"1 minute\" \/>\n<script type=\"application\/ld+json\" class=\"yoast-schema-graph\">{\"@context\":\"https:\/\/schema.org\",\"@graph\":[{\"@type\":\"WebPage\",\"@id\":\"https:\/\/globaltextilefactory.com\/ar\/product\/please-read-this-link-before-arranging-for-a-subordinate-from-the-senyoupin-factory-to-assist-the-customer-in-purchasing\/\",\"url\":\"https:\/\/globaltextilefactory.com\/ar\/product\/please-read-this-link-before-arranging-for-a-subordinate-from-the-senyoupin-factory-to-assist-the-customer-in-purchasing\/\",\"name\":\"1.Please read this link before arranging for a subordinate from the Senyoupin factory to assist the customer in purchasing - globaltextilefactory.com\",\"isPartOf\":{\"@id\":\"https:\/\/globaltextilefactory.com\/#website\"},\"primaryImageOfPage\":{\"@id\":\"https:\/\/globaltextilefactory.com\/ar\/product\/please-read-this-link-before-arranging-for-a-subordinate-from-the-senyoupin-factory-to-assist-the-customer-in-purchasing\/#primaryimage\"},\"image\":{\"@id\":\"https:\/\/globaltextilefactory.com\/ar\/product\/please-read-this-link-before-arranging-for-a-subordinate-from-the-senyoupin-factory-to-assist-the-customer-in-purchasing\/#primaryimage\"},\"thumbnailUrl\":\"https:\/\/globaltextilefactory.com\/wp-content\/uploads\/2024\/03\/1.png\",\"datePublished\":\"2024-03-17T00:47:49+00:00\",\"dateModified\":\"2024-03-17T18:51:55+00:00\",\"breadcrumb\":{\"@id\":\"https:\/\/globaltextilefactory.com\/ar\/product\/please-read-this-link-before-arranging-for-a-subordinate-from-the-senyoupin-factory-to-assist-the-customer-in-purchasing\/#breadcrumb\"},\"inLanguage\":\"fr-FR\",\"potentialAction\":[{\"@type\":\"ReadAction\",\"target\":[\"https:\/\/globaltextilefactory.com\/ar\/product\/please-read-this-link-before-arranging-for-a-subordinate-from-the-senyoupin-factory-to-assist-the-customer-in-purchasing\/\"]}]},{\"@type\":\"ImageObject\",\"inLanguage\":\"fr-FR\",\"@id\":\"https:\/\/globaltextilefactory.com\/ar\/product\/please-read-this-link-before-arranging-for-a-subordinate-from-the-senyoupin-factory-to-assist-the-customer-in-purchasing\/#primaryimage\",\"url\":\"https:\/\/globaltextilefactory.com\/wp-content\/uploads\/2024\/03\/1.png\",\"contentUrl\":\"https:\/\/globaltextilefactory.com\/wp-content\/uploads\/2024\/03\/1.png\",\"width\":1024,\"height\":1020},{\"@type\":\"BreadcrumbList\",\"@id\":\"https:\/\/globaltextilefactory.com\/ar\/product\/please-read-this-link-before-arranging-for-a-subordinate-from-the-senyoupin-factory-to-assist-the-customer-in-purchasing\/#breadcrumb\",\"itemListElement\":[{\"@type\":\"ListItem\",\"position\":1,\"name\":\"Home\",\"item\":\"https:\/\/globaltextilefactory.com\/\"},{\"@type\":\"ListItem\",\"position\":2,\"name\":\"Shop\",\"item\":\"https:\/\/globaltextilefactory.com\/shop\/\"},{\"@type\":\"ListItem\",\"position\":3,\"name\":\"1.Please read this link before arranging for a subordinate from the Senyoupin factory to assist the customer in purchasing\"}]},{\"@type\":\"WebSite\",\"@id\":\"https:\/\/globaltextilefactory.com\/#website\",\"url\":\"https:\/\/globaltextilefactory.com\/\",\"name\":\"globaltextilefactory.com\",\"description\":\"\",\"publisher\":{\"@id\":\"https:\/\/globaltextilefactory.com\/#organization\"},\"potentialAction\":[{\"@type\":\"SearchAction\",\"target\":{\"@type\":\"EntryPoint\",\"urlTemplate\":\"https:\/\/globaltextilefactory.com\/?s={search_term_string}\"},\"query-input\":\"required name=search_term_string\"}],\"inLanguage\":\"fr-FR\"},{\"@type\":\"Organization\",\"@id\":\"https:\/\/globaltextilefactory.com\/#organization\",\"name\":\"globaltextilefactory.com\",\"url\":\"https:\/\/globaltextilefactory.com\/\",\"logo\":{\"@type\":\"ImageObject\",\"inLanguage\":\"fr-FR\",\"@id\":\"https:\/\/globaltextilefactory.com\/#\/schema\/logo\/image\/\",\"url\":\"https:\/\/globaltextilefactory.com\/wp-content\/uploads\/2020\/08\/kayuu-logo-dark-1.svg\",\"contentUrl\":\"https:\/\/globaltextilefactory.com\/wp-content\/uploads\/2020\/08\/kayuu-logo-dark-1.svg\",\"width\":100,\"height\":100,\"caption\":\"globaltextilefactory.com\"},\"image\":{\"@id\":\"https:\/\/globaltextilefactory.com\/#\/schema\/logo\/image\/\"}}]}<\/script>\n<!-- \/ Yoast SEO plugin. -->","yoast_head_json":{"title":"1.Please read this link before arranging for a subordinate from the Senyoupin factory to assist the customer in purchasing - globaltextilefactory.com","robots":{"index":"index","follow":"follow","max-snippet":"max-snippet:-1","max-image-preview":"max-image-preview:large","max-video-preview":"max-video-preview:-1"},"canonical":"https:\/\/globaltextilefactory.com\/fr\/produit\/please-read-this-link-before-arranging-for-a-subordinate-from-the-senyoupin-factory-to-assist-the-customer-in-purchasing\/","og_locale":"fr_FR","og_type":"article","og_title":"1.Please read this link before arranging for a subordinate from the Senyoupin factory to assist the customer in purchasing - globaltextilefactory.com","og_description":"In order to meet the needs of customers in various countries of Senyoupin Textile Factory, the following benefits are provided. 1. The cooperative factory means that the production factory is located in our industrial park, that is, not far from our textile factory. 2.After consultation, the cooperative factory is willing to cooperate with our textile [&hellip;]","og_url":"https:\/\/globaltextilefactory.com\/fr\/produit\/please-read-this-link-before-arranging-for-a-subordinate-from-the-senyoupin-factory-to-assist-the-customer-in-purchasing\/","og_site_name":"globaltextilefactory.com","article_modified_time":"2024-03-17T18:51:55+00:00","og_image":[{"width":1024,"height":1020,"url":"https:\/\/globaltextilefactory.com\/wp-content\/uploads\/2024\/03\/1.png","type":"image\/png"}],"twitter_card":"summary_large_image","twitter_misc":{"Dur\u00e9e de lecture estim\u00e9e":"1 minute"},"schema":{"@context":"https:\/\/schema.org","@graph":[{"@type":"WebPage","@id":"https:\/\/globaltextilefactory.com\/ar\/product\/please-read-this-link-before-arranging-for-a-subordinate-from-the-senyoupin-factory-to-assist-the-customer-in-purchasing\/","url":"https:\/\/globaltextilefactory.com\/ar\/product\/please-read-this-link-before-arranging-for-a-subordinate-from-the-senyoupin-factory-to-assist-the-customer-in-purchasing\/","name":"1.Please read this link before arranging for a subordinate from the Senyoupin factory to assist the customer in purchasing - globaltextilefactory.com","isPartOf":{"@id":"https:\/\/globaltextilefactory.com\/#website"},"primaryImageOfPage":{"@id":"https:\/\/globaltextilefactory.com\/ar\/product\/please-read-this-link-before-arranging-for-a-subordinate-from-the-senyoupin-factory-to-assist-the-customer-in-purchasing\/#primaryimage"},"image":{"@id":"https:\/\/globaltextilefactory.com\/ar\/product\/please-read-this-link-before-arranging-for-a-subordinate-from-the-senyoupin-factory-to-assist-the-customer-in-purchasing\/#primaryimage"},"thumbnailUrl":"https:\/\/globaltextilefactory.com\/wp-content\/uploads\/2024\/03\/1.png","datePublished":"2024-03-17T00:47:49+00:00","dateModified":"2024-03-17T18:51:55+00:00","breadcrumb":{"@id":"https:\/\/globaltextilefactory.com\/ar\/product\/please-read-this-link-before-arranging-for-a-subordinate-from-the-senyoupin-factory-to-assist-the-customer-in-purchasing\/#breadcrumb"},"inLanguage":"fr-FR","potentialAction":[{"@type":"ReadAction","target":["https:\/\/globaltextilefactory.com\/ar\/product\/please-read-this-link-before-arranging-for-a-subordinate-from-the-senyoupin-factory-to-assist-the-customer-in-purchasing\/"]}]},{"@type":"ImageObject","inLanguage":"fr-FR","@id":"https:\/\/globaltextilefactory.com\/ar\/product\/please-read-this-link-before-arranging-for-a-subordinate-from-the-senyoupin-factory-to-assist-the-customer-in-purchasing\/#primaryimage","url":"https:\/\/globaltextilefactory.com\/wp-content\/uploads\/2024\/03\/1.png","contentUrl":"https:\/\/globaltextilefactory.com\/wp-content\/uploads\/2024\/03\/1.png","width":1024,"height":1020},{"@type":"BreadcrumbList","@id":"https:\/\/globaltextilefactory.com\/ar\/product\/please-read-this-link-before-arranging-for-a-subordinate-from-the-senyoupin-factory-to-assist-the-customer-in-purchasing\/#breadcrumb","itemListElement":[{"@type":"ListItem","position":1,"name":"Home","item":"https:\/\/globaltextilefactory.com\/"},{"@type":"ListItem","position":2,"name":"Shop","item":"https:\/\/globaltextilefactory.com\/shop\/"},{"@type":"ListItem","position":3,"name":"1.Please read this link before arranging for a subordinate from the Senyoupin factory to assist the customer in purchasing"}]},{"@type":"WebSite","@id":"https:\/\/globaltextilefactory.com\/#website","url":"https:\/\/globaltextilefactory.com\/","name":"globaltextilefactory.com","description":"","publisher":{"@id":"https:\/\/globaltextilefactory.com\/#organization"},"potentialAction":[{"@type":"SearchAction","target":{"@type":"EntryPoint","urlTemplate":"https:\/\/globaltextilefactory.com\/?s={search_term_string}"},"query-input":"required name=search_term_string"}],"inLanguage":"fr-FR"},{"@type":"Organization","@id":"https:\/\/globaltextilefactory.com\/#organization","name":"globaltextilefactory.com","url":"https:\/\/globaltextilefactory.com\/","logo":{"@type":"ImageObject","inLanguage":"fr-FR","@id":"https:\/\/globaltextilefactory.com\/#\/schema\/logo\/image\/","url":"https:\/\/globaltextilefactory.com\/wp-content\/uploads\/2020\/08\/kayuu-logo-dark-1.svg","contentUrl":"https:\/\/globaltextilefactory.com\/wp-content\/uploads\/2020\/08\/kayuu-logo-dark-1.svg","width":100,"height":100,"caption":"globaltextilefactory.com"},"image":{"@id":"https:\/\/globaltextilefactory.com\/#\/schema\/logo\/image\/"}}]}},"_links":{"self":[{"href":"https:\/\/globaltextilefactory.com\/fr\/wp-json\/wp\/v2\/product\/2380"}],"collection":[{"href":"https:\/\/globaltextilefactory.com\/fr\/wp-json\/wp\/v2\/product"}],"about":[{"href":"https:\/\/globaltextilefactory.com\/fr\/wp-json\/wp\/v2\/types\/product"}],"replies":[{"embeddable":true,"href":"https:\/\/globaltextilefactory.com\/fr\/wp-json\/wp\/v2\/comments?post=2380"}],"version-history":[{"count":9,"href":"https:\/\/globaltextilefactory.com\/fr\/wp-json\/wp\/v2\/product\/2380\/revisions"}],"predecessor-version":[{"id":2457,"href":"https:\/\/globaltextilefactory.com\/fr\/wp-json\/wp\/v2\/product\/2380\/revisions\/2457"}],"wp:featuredmedia":[{"embeddable":true,"href":"https:\/\/globaltextilefactory.com\/fr\/wp-json\/wp\/v2\/media\/2381"}],"wp:attachment":[{"href":"https:\/\/globaltextilefactory.com\/fr\/wp-json\/wp\/v2\/media?parent=2380"}],"wp:term":[{"taxonomy":"product_cat","embeddable":true,"href":"https:\/\/globaltextilefactory.com\/fr\/wp-json\/wp\/v2\/product_cat?post=2380"},{"taxonomy":"product_tag","embeddable":true,"href":"https:\/\/globaltextilefactory.com\/fr\/wp-json\/wp\/v2\/product_tag?post=2380"}],"curies":[{"name":"wp","href":"https:\/\/api.w.org\/{rel}","templated":true}]}}