{"id":2215,"date":"2024-03-17T06:16:15","date_gmt":"2024-03-16T22:16:15","guid":{"rendered":"https:\/\/globaltextilefactory.com\/?post_type=product&#038;p=2215"},"modified":"2024-03-17T06:16:16","modified_gmt":"2024-03-16T22:16:16","slug":"spring-and-autumn-work-clothes-set-cotton-hot-resistant-welding-clothes-construction-site-labor-protection-clothes-machine-repair-welding-clothes-work-clothes-wholesale","status":"publish","type":"product","link":"https:\/\/globaltextilefactory.com\/fr\/produit\/spring-and-autumn-work-clothes-set-cotton-hot-resistant-welding-clothes-construction-site-labor-protection-clothes-machine-repair-welding-clothes-work-clothes-wholesale\/","title":{"rendered":"Ensemble de v\u00eatements de travail pour le printemps et l'automne, v\u00eatements de soudure en coton r\u00e9sistant \u00e0 la chaleur, v\u00eatements de protection du travail sur les chantiers de construction, v\u00eatements de soudure pour la r\u00e9paration des machines, v\u00eatements de travail en gros"},"content":{"rendered":"","protected":false},"excerpt":{"rendered":"","protected":false},"featured_media":2216,"comment_status":"open","ping_status":"closed","template":"","meta":{"site-sidebar-layout":"default","site-content-layout":"","ast-site-content-layout":"default","site-content-style":"default","site-sidebar-style":"default","ast-global-header-display":"","ast-banner-title-visibility":"","ast-main-header-display":"","ast-hfb-above-header-display":"","ast-hfb-below-header-display":"","ast-hfb-mobile-header-display":"","site-post-title":"","ast-breadcrumbs-content":"","ast-featured-img":"","footer-sml-layout":"","theme-transparent-header-meta":"default","adv-header-id-meta":"","stick-header-meta":"","header-above-stick-meta":"","header-main-stick-meta":"","header-below-stick-meta":"","astra-migrate-meta-layouts":"set","ast-page-background-enabled":"default","ast-page-background-meta":{"desktop":{"background-color":"","background-image":"","background-repeat":"repeat","background-position":"center center","background-size":"auto","background-attachment":"scroll","background-type":"","background-media":"","overlay-type":"","overlay-color":"","overlay-gradient":""},"tablet":{"background-color":"","background-image":"","background-repeat":"repeat","background-position":"center center","background-size":"auto","background-attachment":"scroll","background-type":"","background-media":"","overlay-type":"","overlay-color":"","overlay-gradient":""},"mobile":{"background-color":"","background-image":"","background-repeat":"repeat","background-position":"center center","background-size":"auto","background-attachment":"scroll","background-type":"","background-media":"","overlay-type":"","overlay-color":"","overlay-gradient":""}},"ast-content-background-meta":{"desktop":{"background-color":"var(--ast-global-color-5)","background-image":"","background-repeat":"repeat","background-position":"center center","background-size":"auto","background-attachment":"scroll","background-type":"","background-media":"","overlay-type":"","overlay-color":"","overlay-gradient":""},"tablet":{"background-color":"var(--ast-global-color-5)","background-image":"","background-repeat":"repeat","background-position":"center center","background-size":"auto","background-attachment":"scroll","background-type":"","background-media":"","overlay-type":"","overlay-color":"","overlay-gradient":""},"mobile":{"background-color":"var(--ast-global-color-5)","background-image":"","background-repeat":"repeat","background-position":"center center","background-size":"auto","background-attachment":"scroll","background-type":"","background-media":"","overlay-type":"","overlay-color":"","overlay-gradient":""}}},"product_cat":[55],"product_tag":[],"yoast_head":"<!-- This site is optimized with the Yoast SEO plugin v22.3 - https:\/\/yoast.com\/wordpress\/plugins\/seo\/ -->\n<title>Spring and autumn work clothes set, cotton hot-resistant welding clothes, construction site labor protection clothes, machine repair welding clothes, work clothes wholesale - globaltextilefactory.com<\/title>\n<meta name=\"robots\" content=\"index, follow, max-snippet:-1, max-image-preview:large, max-video-preview:-1\" \/>\n<link rel=\"canonical\" href=\"https:\/\/globaltextilefactory.com\/fr\/produit\/spring-and-autumn-work-clothes-set-cotton-hot-resistant-welding-clothes-construction-site-labor-protection-clothes-machine-repair-welding-clothes-work-clothes-wholesale\/\" \/>\n<meta property=\"og:locale\" content=\"fr_FR\" \/>\n<meta property=\"og:type\" content=\"article\" \/>\n<meta property=\"og:title\" content=\"Spring and autumn work clothes set, cotton hot-resistant welding clothes, construction site labor protection clothes, machine repair welding clothes, work clothes wholesale - globaltextilefactory.com\" \/>\n<meta property=\"og:url\" content=\"https:\/\/globaltextilefactory.com\/fr\/produit\/spring-and-autumn-work-clothes-set-cotton-hot-resistant-welding-clothes-construction-site-labor-protection-clothes-machine-repair-welding-clothes-work-clothes-wholesale\/\" \/>\n<meta property=\"og:site_name\" content=\"globaltextilefactory.com\" \/>\n<meta property=\"article:modified_time\" content=\"2024-03-16T22:16:16+00:00\" \/>\n<meta property=\"og:image\" content=\"https:\/\/globaltextilefactory.com\/wp-content\/uploads\/2024\/03\/20dcc772fb55381a1607682a207ca11.jpg\" \/>\n\t<meta property=\"og:image:width\" content=\"760\" \/>\n\t<meta property=\"og:image:height\" content=\"659\" \/>\n\t<meta property=\"og:image:type\" content=\"image\/jpeg\" \/>\n<meta name=\"twitter:card\" content=\"summary_large_image\" \/>\n<script type=\"application\/ld+json\" class=\"yoast-schema-graph\">{\"@context\":\"https:\/\/schema.org\",\"@graph\":[{\"@type\":\"WebPage\",\"@id\":\"https:\/\/globaltextilefactory.com\/ar\/product\/spring-and-autumn-work-clothes-set-cotton-hot-resistant-welding-clothes-construction-site-labor-protection-clothes-machine-repair-welding-clothes-work-clothes-wholesale\/\",\"url\":\"https:\/\/globaltextilefactory.com\/ar\/product\/spring-and-autumn-work-clothes-set-cotton-hot-resistant-welding-clothes-construction-site-labor-protection-clothes-machine-repair-welding-clothes-work-clothes-wholesale\/\",\"name\":\"Spring and autumn work clothes set, cotton hot-resistant welding clothes, construction site labor protection clothes, machine repair welding clothes, work clothes wholesale - globaltextilefactory.com\",\"isPartOf\":{\"@id\":\"https:\/\/globaltextilefactory.com\/#website\"},\"primaryImageOfPage\":{\"@id\":\"https:\/\/globaltextilefactory.com\/ar\/product\/spring-and-autumn-work-clothes-set-cotton-hot-resistant-welding-clothes-construction-site-labor-protection-clothes-machine-repair-welding-clothes-work-clothes-wholesale\/#primaryimage\"},\"image\":{\"@id\":\"https:\/\/globaltextilefactory.com\/ar\/product\/spring-and-autumn-work-clothes-set-cotton-hot-resistant-welding-clothes-construction-site-labor-protection-clothes-machine-repair-welding-clothes-work-clothes-wholesale\/#primaryimage\"},\"thumbnailUrl\":\"https:\/\/globaltextilefactory.com\/wp-content\/uploads\/2024\/03\/20dcc772fb55381a1607682a207ca11.jpg\",\"datePublished\":\"2024-03-16T22:16:15+00:00\",\"dateModified\":\"2024-03-16T22:16:16+00:00\",\"breadcrumb\":{\"@id\":\"https:\/\/globaltextilefactory.com\/ar\/product\/spring-and-autumn-work-clothes-set-cotton-hot-resistant-welding-clothes-construction-site-labor-protection-clothes-machine-repair-welding-clothes-work-clothes-wholesale\/#breadcrumb\"},\"inLanguage\":\"fr-FR\",\"potentialAction\":[{\"@type\":\"ReadAction\",\"target\":[\"https:\/\/globaltextilefactory.com\/ar\/product\/spring-and-autumn-work-clothes-set-cotton-hot-resistant-welding-clothes-construction-site-labor-protection-clothes-machine-repair-welding-clothes-work-clothes-wholesale\/\"]}]},{\"@type\":\"ImageObject\",\"inLanguage\":\"fr-FR\",\"@id\":\"https:\/\/globaltextilefactory.com\/ar\/product\/spring-and-autumn-work-clothes-set-cotton-hot-resistant-welding-clothes-construction-site-labor-protection-clothes-machine-repair-welding-clothes-work-clothes-wholesale\/#primaryimage\",\"url\":\"https:\/\/globaltextilefactory.com\/wp-content\/uploads\/2024\/03\/20dcc772fb55381a1607682a207ca11.jpg\",\"contentUrl\":\"https:\/\/globaltextilefactory.com\/wp-content\/uploads\/2024\/03\/20dcc772fb55381a1607682a207ca11.jpg\",\"width\":760,\"height\":659},{\"@type\":\"BreadcrumbList\",\"@id\":\"https:\/\/globaltextilefactory.com\/ar\/product\/spring-and-autumn-work-clothes-set-cotton-hot-resistant-welding-clothes-construction-site-labor-protection-clothes-machine-repair-welding-clothes-work-clothes-wholesale\/#breadcrumb\",\"itemListElement\":[{\"@type\":\"ListItem\",\"position\":1,\"name\":\"Home\",\"item\":\"https:\/\/globaltextilefactory.com\/\"},{\"@type\":\"ListItem\",\"position\":2,\"name\":\"Shop\",\"item\":\"https:\/\/globaltextilefactory.com\/shop\/\"},{\"@type\":\"ListItem\",\"position\":3,\"name\":\"Spring and autumn work clothes set, cotton hot-resistant welding clothes, construction site labor protection clothes, machine repair welding clothes, work clothes wholesale\"}]},{\"@type\":\"WebSite\",\"@id\":\"https:\/\/globaltextilefactory.com\/#website\",\"url\":\"https:\/\/globaltextilefactory.com\/\",\"name\":\"globaltextilefactory.com\",\"description\":\"\",\"publisher\":{\"@id\":\"https:\/\/globaltextilefactory.com\/#organization\"},\"potentialAction\":[{\"@type\":\"SearchAction\",\"target\":{\"@type\":\"EntryPoint\",\"urlTemplate\":\"https:\/\/globaltextilefactory.com\/?s={search_term_string}\"},\"query-input\":\"required name=search_term_string\"}],\"inLanguage\":\"fr-FR\"},{\"@type\":\"Organization\",\"@id\":\"https:\/\/globaltextilefactory.com\/#organization\",\"name\":\"globaltextilefactory.com\",\"url\":\"https:\/\/globaltextilefactory.com\/\",\"logo\":{\"@type\":\"ImageObject\",\"inLanguage\":\"fr-FR\",\"@id\":\"https:\/\/globaltextilefactory.com\/#\/schema\/logo\/image\/\",\"url\":\"https:\/\/globaltextilefactory.com\/wp-content\/uploads\/2020\/08\/kayuu-logo-dark-1.svg\",\"contentUrl\":\"https:\/\/globaltextilefactory.com\/wp-content\/uploads\/2020\/08\/kayuu-logo-dark-1.svg\",\"width\":100,\"height\":100,\"caption\":\"globaltextilefactory.com\"},\"image\":{\"@id\":\"https:\/\/globaltextilefactory.com\/#\/schema\/logo\/image\/\"}}]}<\/script>\n<!-- \/ Yoast SEO plugin. -->","yoast_head_json":{"title":"Spring and autumn work clothes set, cotton hot-resistant welding clothes, construction site labor protection clothes, machine repair welding clothes, work clothes wholesale - globaltextilefactory.com","robots":{"index":"index","follow":"follow","max-snippet":"max-snippet:-1","max-image-preview":"max-image-preview:large","max-video-preview":"max-video-preview:-1"},"canonical":"https:\/\/globaltextilefactory.com\/fr\/produit\/spring-and-autumn-work-clothes-set-cotton-hot-resistant-welding-clothes-construction-site-labor-protection-clothes-machine-repair-welding-clothes-work-clothes-wholesale\/","og_locale":"fr_FR","og_type":"article","og_title":"Spring and autumn work clothes set, cotton hot-resistant welding clothes, construction site labor protection clothes, machine repair welding clothes, work clothes wholesale - globaltextilefactory.com","og_url":"https:\/\/globaltextilefactory.com\/fr\/produit\/spring-and-autumn-work-clothes-set-cotton-hot-resistant-welding-clothes-construction-site-labor-protection-clothes-machine-repair-welding-clothes-work-clothes-wholesale\/","og_site_name":"globaltextilefactory.com","article_modified_time":"2024-03-16T22:16:16+00:00","og_image":[{"width":760,"height":659,"url":"https:\/\/globaltextilefactory.com\/wp-content\/uploads\/2024\/03\/20dcc772fb55381a1607682a207ca11.jpg","type":"image\/jpeg"}],"twitter_card":"summary_large_image","schema":{"@context":"https:\/\/schema.org","@graph":[{"@type":"WebPage","@id":"https:\/\/globaltextilefactory.com\/ar\/product\/spring-and-autumn-work-clothes-set-cotton-hot-resistant-welding-clothes-construction-site-labor-protection-clothes-machine-repair-welding-clothes-work-clothes-wholesale\/","url":"https:\/\/globaltextilefactory.com\/ar\/product\/spring-and-autumn-work-clothes-set-cotton-hot-resistant-welding-clothes-construction-site-labor-protection-clothes-machine-repair-welding-clothes-work-clothes-wholesale\/","name":"Spring and autumn work clothes set, cotton hot-resistant welding clothes, construction site labor protection clothes, machine repair welding clothes, work clothes wholesale - globaltextilefactory.com","isPartOf":{"@id":"https:\/\/globaltextilefactory.com\/#website"},"primaryImageOfPage":{"@id":"https:\/\/globaltextilefactory.com\/ar\/product\/spring-and-autumn-work-clothes-set-cotton-hot-resistant-welding-clothes-construction-site-labor-protection-clothes-machine-repair-welding-clothes-work-clothes-wholesale\/#primaryimage"},"image":{"@id":"https:\/\/globaltextilefactory.com\/ar\/product\/spring-and-autumn-work-clothes-set-cotton-hot-resistant-welding-clothes-construction-site-labor-protection-clothes-machine-repair-welding-clothes-work-clothes-wholesale\/#primaryimage"},"thumbnailUrl":"https:\/\/globaltextilefactory.com\/wp-content\/uploads\/2024\/03\/20dcc772fb55381a1607682a207ca11.jpg","datePublished":"2024-03-16T22:16:15+00:00","dateModified":"2024-03-16T22:16:16+00:00","breadcrumb":{"@id":"https:\/\/globaltextilefactory.com\/ar\/product\/spring-and-autumn-work-clothes-set-cotton-hot-resistant-welding-clothes-construction-site-labor-protection-clothes-machine-repair-welding-clothes-work-clothes-wholesale\/#breadcrumb"},"inLanguage":"fr-FR","potentialAction":[{"@type":"ReadAction","target":["https:\/\/globaltextilefactory.com\/ar\/product\/spring-and-autumn-work-clothes-set-cotton-hot-resistant-welding-clothes-construction-site-labor-protection-clothes-machine-repair-welding-clothes-work-clothes-wholesale\/"]}]},{"@type":"ImageObject","inLanguage":"fr-FR","@id":"https:\/\/globaltextilefactory.com\/ar\/product\/spring-and-autumn-work-clothes-set-cotton-hot-resistant-welding-clothes-construction-site-labor-protection-clothes-machine-repair-welding-clothes-work-clothes-wholesale\/#primaryimage","url":"https:\/\/globaltextilefactory.com\/wp-content\/uploads\/2024\/03\/20dcc772fb55381a1607682a207ca11.jpg","contentUrl":"https:\/\/globaltextilefactory.com\/wp-content\/uploads\/2024\/03\/20dcc772fb55381a1607682a207ca11.jpg","width":760,"height":659},{"@type":"BreadcrumbList","@id":"https:\/\/globaltextilefactory.com\/ar\/product\/spring-and-autumn-work-clothes-set-cotton-hot-resistant-welding-clothes-construction-site-labor-protection-clothes-machine-repair-welding-clothes-work-clothes-wholesale\/#breadcrumb","itemListElement":[{"@type":"ListItem","position":1,"name":"Home","item":"https:\/\/globaltextilefactory.com\/"},{"@type":"ListItem","position":2,"name":"Shop","item":"https:\/\/globaltextilefactory.com\/shop\/"},{"@type":"ListItem","position":3,"name":"Spring and autumn work clothes set, cotton hot-resistant welding clothes, construction site labor protection clothes, machine repair welding clothes, work clothes wholesale"}]},{"@type":"WebSite","@id":"https:\/\/globaltextilefactory.com\/#website","url":"https:\/\/globaltextilefactory.com\/","name":"globaltextilefactory.com","description":"","publisher":{"@id":"https:\/\/globaltextilefactory.com\/#organization"},"potentialAction":[{"@type":"SearchAction","target":{"@type":"EntryPoint","urlTemplate":"https:\/\/globaltextilefactory.com\/?s={search_term_string}"},"query-input":"required name=search_term_string"}],"inLanguage":"fr-FR"},{"@type":"Organization","@id":"https:\/\/globaltextilefactory.com\/#organization","name":"globaltextilefactory.com","url":"https:\/\/globaltextilefactory.com\/","logo":{"@type":"ImageObject","inLanguage":"fr-FR","@id":"https:\/\/globaltextilefactory.com\/#\/schema\/logo\/image\/","url":"https:\/\/globaltextilefactory.com\/wp-content\/uploads\/2020\/08\/kayuu-logo-dark-1.svg","contentUrl":"https:\/\/globaltextilefactory.com\/wp-content\/uploads\/2020\/08\/kayuu-logo-dark-1.svg","width":100,"height":100,"caption":"globaltextilefactory.com"},"image":{"@id":"https:\/\/globaltextilefactory.com\/#\/schema\/logo\/image\/"}}]}},"_links":{"self":[{"href":"https:\/\/globaltextilefactory.com\/fr\/wp-json\/wp\/v2\/product\/2215"}],"collection":[{"href":"https:\/\/globaltextilefactory.com\/fr\/wp-json\/wp\/v2\/product"}],"about":[{"href":"https:\/\/globaltextilefactory.com\/fr\/wp-json\/wp\/v2\/types\/product"}],"replies":[{"embeddable":true,"href":"https:\/\/globaltextilefactory.com\/fr\/wp-json\/wp\/v2\/comments?post=2215"}],"version-history":[{"count":1,"href":"https:\/\/globaltextilefactory.com\/fr\/wp-json\/wp\/v2\/product\/2215\/revisions"}],"predecessor-version":[{"id":2217,"href":"https:\/\/globaltextilefactory.com\/fr\/wp-json\/wp\/v2\/product\/2215\/revisions\/2217"}],"wp:featuredmedia":[{"embeddable":true,"href":"https:\/\/globaltextilefactory.com\/fr\/wp-json\/wp\/v2\/media\/2216"}],"wp:attachment":[{"href":"https:\/\/globaltextilefactory.com\/fr\/wp-json\/wp\/v2\/media?parent=2215"}],"wp:term":[{"taxonomy":"product_cat","embeddable":true,"href":"https:\/\/globaltextilefactory.com\/fr\/wp-json\/wp\/v2\/product_cat?post=2215"},{"taxonomy":"product_tag","embeddable":true,"href":"https:\/\/globaltextilefactory.com\/fr\/wp-json\/wp\/v2\/product_tag?post=2215"}],"curies":[{"name":"wp","href":"https:\/\/api.w.org\/{rel}","templated":true}]}}