{"id":2209,"date":"2024-03-17T06:13:47","date_gmt":"2024-03-16T22:13:47","guid":{"rendered":"https:\/\/globaltextilefactory.com\/?post_type=product&#038;p=2209"},"modified":"2024-03-17T06:13:47","modified_gmt":"2024-03-16T22:13:47","slug":"spring-autumn-and-winter-long-sleeved-work-clothes-work-clothes-uniforms-mens-and-womens-factory-welding-maintenance-and-auto-repair-work-clothes-labor-insurance-work-clothes","status":"publish","type":"product","link":"https:\/\/globaltextilefactory.com\/fr\/produit\/spring-autumn-and-winter-long-sleeved-work-clothes-work-clothes-uniforms-mens-and-womens-factory-welding-maintenance-and-auto-repair-work-clothes-labor-insurance-work-clothes\/","title":{"rendered":"V\u00eatements de travail \u00e0 manches longues pour le printemps, l'automne et l'hiver, v\u00eatements de travail, uniformes, v\u00eatements de travail pour hommes et femmes pour l'entretien des soudures en usine et la r\u00e9paration automobile, v\u00eatements de travail pour l'assurance du travail."},"content":{"rendered":"","protected":false},"excerpt":{"rendered":"","protected":false},"featured_media":2210,"comment_status":"open","ping_status":"closed","template":"","meta":{"site-sidebar-layout":"default","site-content-layout":"","ast-site-content-layout":"default","site-content-style":"default","site-sidebar-style":"default","ast-global-header-display":"","ast-banner-title-visibility":"","ast-main-header-display":"","ast-hfb-above-header-display":"","ast-hfb-below-header-display":"","ast-hfb-mobile-header-display":"","site-post-title":"","ast-breadcrumbs-content":"","ast-featured-img":"","footer-sml-layout":"","theme-transparent-header-meta":"default","adv-header-id-meta":"","stick-header-meta":"","header-above-stick-meta":"","header-main-stick-meta":"","header-below-stick-meta":"","astra-migrate-meta-layouts":"set","ast-page-background-enabled":"default","ast-page-background-meta":{"desktop":{"background-color":"","background-image":"","background-repeat":"repeat","background-position":"center center","background-size":"auto","background-attachment":"scroll","background-type":"","background-media":"","overlay-type":"","overlay-color":"","overlay-gradient":""},"tablet":{"background-color":"","background-image":"","background-repeat":"repeat","background-position":"center center","background-size":"auto","background-attachment":"scroll","background-type":"","background-media":"","overlay-type":"","overlay-color":"","overlay-gradient":""},"mobile":{"background-color":"","background-image":"","background-repeat":"repeat","background-position":"center center","background-size":"auto","background-attachment":"scroll","background-type":"","background-media":"","overlay-type":"","overlay-color":"","overlay-gradient":""}},"ast-content-background-meta":{"desktop":{"background-color":"var(--ast-global-color-5)","background-image":"","background-repeat":"repeat","background-position":"center center","background-size":"auto","background-attachment":"scroll","background-type":"","background-media":"","overlay-type":"","overlay-color":"","overlay-gradient":""},"tablet":{"background-color":"var(--ast-global-color-5)","background-image":"","background-repeat":"repeat","background-position":"center center","background-size":"auto","background-attachment":"scroll","background-type":"","background-media":"","overlay-type":"","overlay-color":"","overlay-gradient":""},"mobile":{"background-color":"var(--ast-global-color-5)","background-image":"","background-repeat":"repeat","background-position":"center center","background-size":"auto","background-attachment":"scroll","background-type":"","background-media":"","overlay-type":"","overlay-color":"","overlay-gradient":""}}},"product_cat":[55],"product_tag":[],"yoast_head":"<!-- This site is optimized with the Yoast SEO plugin v22.3 - https:\/\/yoast.com\/wordpress\/plugins\/seo\/ -->\n<title>Spring, autumn and winter long-sleeved work clothes, work clothes, uniforms, men&#039;s and women&#039;s factory welding maintenance and auto repair work clothes, labor insurance work clothes - globaltextilefactory.com<\/title>\n<meta name=\"robots\" content=\"index, follow, max-snippet:-1, max-image-preview:large, max-video-preview:-1\" \/>\n<link rel=\"canonical\" href=\"https:\/\/globaltextilefactory.com\/fr\/produkt\/spring-autumn-and-winter-long-sleeved-work-clothes-work-clothes-uniforms-mens-and-womens-factory-welding-maintenance-and-auto-repair-work-clothes-labor-insurance-work-clothes\/\" \/>\n<meta property=\"og:locale\" content=\"fr_FR\" \/>\n<meta property=\"og:type\" content=\"article\" \/>\n<meta property=\"og:title\" content=\"Spring, autumn and winter long-sleeved work clothes, work clothes, uniforms, men&#039;s and women&#039;s factory welding maintenance and auto repair work clothes, labor insurance work clothes - globaltextilefactory.com\" \/>\n<meta property=\"og:url\" content=\"https:\/\/globaltextilefactory.com\/fr\/produkt\/spring-autumn-and-winter-long-sleeved-work-clothes-work-clothes-uniforms-mens-and-womens-factory-welding-maintenance-and-auto-repair-work-clothes-labor-insurance-work-clothes\/\" \/>\n<meta property=\"og:site_name\" content=\"globaltextilefactory.com\" \/>\n<meta property=\"og:image\" content=\"https:\/\/globaltextilefactory.com\/wp-content\/uploads\/2024\/03\/0de83f7a5e529df83d00cb8e1cc8ffc.jpg\" \/>\n\t<meta property=\"og:image:width\" content=\"800\" \/>\n\t<meta property=\"og:image:height\" content=\"800\" \/>\n\t<meta property=\"og:image:type\" content=\"image\/jpeg\" \/>\n<meta name=\"twitter:card\" content=\"summary_large_image\" \/>\n<script type=\"application\/ld+json\" class=\"yoast-schema-graph\">{\"@context\":\"https:\/\/schema.org\",\"@graph\":[{\"@type\":\"WebPage\",\"@id\":\"https:\/\/globaltextilefactory.com\/de\/produkt\/spring-autumn-and-winter-long-sleeved-work-clothes-work-clothes-uniforms-mens-and-womens-factory-welding-maintenance-and-auto-repair-work-clothes-labor-insurance-work-clothes\/\",\"url\":\"https:\/\/globaltextilefactory.com\/de\/produkt\/spring-autumn-and-winter-long-sleeved-work-clothes-work-clothes-uniforms-mens-and-womens-factory-welding-maintenance-and-auto-repair-work-clothes-labor-insurance-work-clothes\/\",\"name\":\"Spring, autumn and winter long-sleeved work clothes, work clothes, uniforms, men's and women's factory welding maintenance and auto repair work clothes, labor insurance work clothes - globaltextilefactory.com\",\"isPartOf\":{\"@id\":\"https:\/\/globaltextilefactory.com\/#website\"},\"primaryImageOfPage\":{\"@id\":\"https:\/\/globaltextilefactory.com\/de\/produkt\/spring-autumn-and-winter-long-sleeved-work-clothes-work-clothes-uniforms-mens-and-womens-factory-welding-maintenance-and-auto-repair-work-clothes-labor-insurance-work-clothes\/#primaryimage\"},\"image\":{\"@id\":\"https:\/\/globaltextilefactory.com\/de\/produkt\/spring-autumn-and-winter-long-sleeved-work-clothes-work-clothes-uniforms-mens-and-womens-factory-welding-maintenance-and-auto-repair-work-clothes-labor-insurance-work-clothes\/#primaryimage\"},\"thumbnailUrl\":\"https:\/\/globaltextilefactory.com\/wp-content\/uploads\/2024\/03\/0de83f7a5e529df83d00cb8e1cc8ffc.jpg\",\"datePublished\":\"2024-03-16T22:13:47+00:00\",\"dateModified\":\"2024-03-16T22:13:47+00:00\",\"breadcrumb\":{\"@id\":\"https:\/\/globaltextilefactory.com\/de\/produkt\/spring-autumn-and-winter-long-sleeved-work-clothes-work-clothes-uniforms-mens-and-womens-factory-welding-maintenance-and-auto-repair-work-clothes-labor-insurance-work-clothes\/#breadcrumb\"},\"inLanguage\":\"fr-FR\",\"potentialAction\":[{\"@type\":\"ReadAction\",\"target\":[\"https:\/\/globaltextilefactory.com\/de\/produkt\/spring-autumn-and-winter-long-sleeved-work-clothes-work-clothes-uniforms-mens-and-womens-factory-welding-maintenance-and-auto-repair-work-clothes-labor-insurance-work-clothes\/\"]}]},{\"@type\":\"ImageObject\",\"inLanguage\":\"fr-FR\",\"@id\":\"https:\/\/globaltextilefactory.com\/de\/produkt\/spring-autumn-and-winter-long-sleeved-work-clothes-work-clothes-uniforms-mens-and-womens-factory-welding-maintenance-and-auto-repair-work-clothes-labor-insurance-work-clothes\/#primaryimage\",\"url\":\"https:\/\/globaltextilefactory.com\/wp-content\/uploads\/2024\/03\/0de83f7a5e529df83d00cb8e1cc8ffc.jpg\",\"contentUrl\":\"https:\/\/globaltextilefactory.com\/wp-content\/uploads\/2024\/03\/0de83f7a5e529df83d00cb8e1cc8ffc.jpg\",\"width\":800,\"height\":800},{\"@type\":\"BreadcrumbList\",\"@id\":\"https:\/\/globaltextilefactory.com\/de\/produkt\/spring-autumn-and-winter-long-sleeved-work-clothes-work-clothes-uniforms-mens-and-womens-factory-welding-maintenance-and-auto-repair-work-clothes-labor-insurance-work-clothes\/#breadcrumb\",\"itemListElement\":[{\"@type\":\"ListItem\",\"position\":1,\"name\":\"Home\",\"item\":\"https:\/\/globaltextilefactory.com\/\"},{\"@type\":\"ListItem\",\"position\":2,\"name\":\"Shop\",\"item\":\"https:\/\/globaltextilefactory.com\/shop\/\"},{\"@type\":\"ListItem\",\"position\":3,\"name\":\"Spring, autumn and winter long-sleeved work clothes, work clothes, uniforms, men&#8217;s and women&#8217;s factory welding maintenance and auto repair work clothes, labor insurance work clothes\"}]},{\"@type\":\"WebSite\",\"@id\":\"https:\/\/globaltextilefactory.com\/#website\",\"url\":\"https:\/\/globaltextilefactory.com\/\",\"name\":\"globaltextilefactory.com\",\"description\":\"\",\"publisher\":{\"@id\":\"https:\/\/globaltextilefactory.com\/#organization\"},\"potentialAction\":[{\"@type\":\"SearchAction\",\"target\":{\"@type\":\"EntryPoint\",\"urlTemplate\":\"https:\/\/globaltextilefactory.com\/?s={search_term_string}\"},\"query-input\":\"required name=search_term_string\"}],\"inLanguage\":\"fr-FR\"},{\"@type\":\"Organization\",\"@id\":\"https:\/\/globaltextilefactory.com\/#organization\",\"name\":\"globaltextilefactory.com\",\"url\":\"https:\/\/globaltextilefactory.com\/\",\"logo\":{\"@type\":\"ImageObject\",\"inLanguage\":\"fr-FR\",\"@id\":\"https:\/\/globaltextilefactory.com\/#\/schema\/logo\/image\/\",\"url\":\"https:\/\/globaltextilefactory.com\/wp-content\/uploads\/2020\/08\/kayuu-logo-dark-1.svg\",\"contentUrl\":\"https:\/\/globaltextilefactory.com\/wp-content\/uploads\/2020\/08\/kayuu-logo-dark-1.svg\",\"width\":100,\"height\":100,\"caption\":\"globaltextilefactory.com\"},\"image\":{\"@id\":\"https:\/\/globaltextilefactory.com\/#\/schema\/logo\/image\/\"}}]}<\/script>\n<!-- \/ Yoast SEO plugin. -->","yoast_head_json":{"title":"Spring, autumn and winter long-sleeved work clothes, work clothes, uniforms, men's and women's factory welding maintenance and auto repair work clothes, labor insurance work clothes - globaltextilefactory.com","robots":{"index":"index","follow":"follow","max-snippet":"max-snippet:-1","max-image-preview":"max-image-preview:large","max-video-preview":"max-video-preview:-1"},"canonical":"https:\/\/globaltextilefactory.com\/fr\/produkt\/spring-autumn-and-winter-long-sleeved-work-clothes-work-clothes-uniforms-mens-and-womens-factory-welding-maintenance-and-auto-repair-work-clothes-labor-insurance-work-clothes\/","og_locale":"fr_FR","og_type":"article","og_title":"Spring, autumn and winter long-sleeved work clothes, work clothes, uniforms, men's and women's factory welding maintenance and auto repair work clothes, labor insurance work clothes - globaltextilefactory.com","og_url":"https:\/\/globaltextilefactory.com\/fr\/produkt\/spring-autumn-and-winter-long-sleeved-work-clothes-work-clothes-uniforms-mens-and-womens-factory-welding-maintenance-and-auto-repair-work-clothes-labor-insurance-work-clothes\/","og_site_name":"globaltextilefactory.com","og_image":[{"width":800,"height":800,"url":"https:\/\/globaltextilefactory.com\/wp-content\/uploads\/2024\/03\/0de83f7a5e529df83d00cb8e1cc8ffc.jpg","type":"image\/jpeg"}],"twitter_card":"summary_large_image","schema":{"@context":"https:\/\/schema.org","@graph":[{"@type":"WebPage","@id":"https:\/\/globaltextilefactory.com\/de\/produkt\/spring-autumn-and-winter-long-sleeved-work-clothes-work-clothes-uniforms-mens-and-womens-factory-welding-maintenance-and-auto-repair-work-clothes-labor-insurance-work-clothes\/","url":"https:\/\/globaltextilefactory.com\/de\/produkt\/spring-autumn-and-winter-long-sleeved-work-clothes-work-clothes-uniforms-mens-and-womens-factory-welding-maintenance-and-auto-repair-work-clothes-labor-insurance-work-clothes\/","name":"Spring, autumn and winter long-sleeved work clothes, work clothes, uniforms, men's and women's factory welding maintenance and auto repair work clothes, labor insurance work clothes - globaltextilefactory.com","isPartOf":{"@id":"https:\/\/globaltextilefactory.com\/#website"},"primaryImageOfPage":{"@id":"https:\/\/globaltextilefactory.com\/de\/produkt\/spring-autumn-and-winter-long-sleeved-work-clothes-work-clothes-uniforms-mens-and-womens-factory-welding-maintenance-and-auto-repair-work-clothes-labor-insurance-work-clothes\/#primaryimage"},"image":{"@id":"https:\/\/globaltextilefactory.com\/de\/produkt\/spring-autumn-and-winter-long-sleeved-work-clothes-work-clothes-uniforms-mens-and-womens-factory-welding-maintenance-and-auto-repair-work-clothes-labor-insurance-work-clothes\/#primaryimage"},"thumbnailUrl":"https:\/\/globaltextilefactory.com\/wp-content\/uploads\/2024\/03\/0de83f7a5e529df83d00cb8e1cc8ffc.jpg","datePublished":"2024-03-16T22:13:47+00:00","dateModified":"2024-03-16T22:13:47+00:00","breadcrumb":{"@id":"https:\/\/globaltextilefactory.com\/de\/produkt\/spring-autumn-and-winter-long-sleeved-work-clothes-work-clothes-uniforms-mens-and-womens-factory-welding-maintenance-and-auto-repair-work-clothes-labor-insurance-work-clothes\/#breadcrumb"},"inLanguage":"fr-FR","potentialAction":[{"@type":"ReadAction","target":["https:\/\/globaltextilefactory.com\/de\/produkt\/spring-autumn-and-winter-long-sleeved-work-clothes-work-clothes-uniforms-mens-and-womens-factory-welding-maintenance-and-auto-repair-work-clothes-labor-insurance-work-clothes\/"]}]},{"@type":"ImageObject","inLanguage":"fr-FR","@id":"https:\/\/globaltextilefactory.com\/de\/produkt\/spring-autumn-and-winter-long-sleeved-work-clothes-work-clothes-uniforms-mens-and-womens-factory-welding-maintenance-and-auto-repair-work-clothes-labor-insurance-work-clothes\/#primaryimage","url":"https:\/\/globaltextilefactory.com\/wp-content\/uploads\/2024\/03\/0de83f7a5e529df83d00cb8e1cc8ffc.jpg","contentUrl":"https:\/\/globaltextilefactory.com\/wp-content\/uploads\/2024\/03\/0de83f7a5e529df83d00cb8e1cc8ffc.jpg","width":800,"height":800},{"@type":"BreadcrumbList","@id":"https:\/\/globaltextilefactory.com\/de\/produkt\/spring-autumn-and-winter-long-sleeved-work-clothes-work-clothes-uniforms-mens-and-womens-factory-welding-maintenance-and-auto-repair-work-clothes-labor-insurance-work-clothes\/#breadcrumb","itemListElement":[{"@type":"ListItem","position":1,"name":"Home","item":"https:\/\/globaltextilefactory.com\/"},{"@type":"ListItem","position":2,"name":"Shop","item":"https:\/\/globaltextilefactory.com\/shop\/"},{"@type":"ListItem","position":3,"name":"Spring, autumn and winter long-sleeved work clothes, work clothes, uniforms, men&#8217;s and women&#8217;s factory welding maintenance and auto repair work clothes, labor insurance work clothes"}]},{"@type":"WebSite","@id":"https:\/\/globaltextilefactory.com\/#website","url":"https:\/\/globaltextilefactory.com\/","name":"globaltextilefactory.com","description":"","publisher":{"@id":"https:\/\/globaltextilefactory.com\/#organization"},"potentialAction":[{"@type":"SearchAction","target":{"@type":"EntryPoint","urlTemplate":"https:\/\/globaltextilefactory.com\/?s={search_term_string}"},"query-input":"required name=search_term_string"}],"inLanguage":"fr-FR"},{"@type":"Organization","@id":"https:\/\/globaltextilefactory.com\/#organization","name":"globaltextilefactory.com","url":"https:\/\/globaltextilefactory.com\/","logo":{"@type":"ImageObject","inLanguage":"fr-FR","@id":"https:\/\/globaltextilefactory.com\/#\/schema\/logo\/image\/","url":"https:\/\/globaltextilefactory.com\/wp-content\/uploads\/2020\/08\/kayuu-logo-dark-1.svg","contentUrl":"https:\/\/globaltextilefactory.com\/wp-content\/uploads\/2020\/08\/kayuu-logo-dark-1.svg","width":100,"height":100,"caption":"globaltextilefactory.com"},"image":{"@id":"https:\/\/globaltextilefactory.com\/#\/schema\/logo\/image\/"}}]}},"_links":{"self":[{"href":"https:\/\/globaltextilefactory.com\/fr\/wp-json\/wp\/v2\/product\/2209"}],"collection":[{"href":"https:\/\/globaltextilefactory.com\/fr\/wp-json\/wp\/v2\/product"}],"about":[{"href":"https:\/\/globaltextilefactory.com\/fr\/wp-json\/wp\/v2\/types\/product"}],"replies":[{"embeddable":true,"href":"https:\/\/globaltextilefactory.com\/fr\/wp-json\/wp\/v2\/comments?post=2209"}],"version-history":[{"count":1,"href":"https:\/\/globaltextilefactory.com\/fr\/wp-json\/wp\/v2\/product\/2209\/revisions"}],"predecessor-version":[{"id":2211,"href":"https:\/\/globaltextilefactory.com\/fr\/wp-json\/wp\/v2\/product\/2209\/revisions\/2211"}],"wp:featuredmedia":[{"embeddable":true,"href":"https:\/\/globaltextilefactory.com\/fr\/wp-json\/wp\/v2\/media\/2210"}],"wp:attachment":[{"href":"https:\/\/globaltextilefactory.com\/fr\/wp-json\/wp\/v2\/media?parent=2209"}],"wp:term":[{"taxonomy":"product_cat","embeddable":true,"href":"https:\/\/globaltextilefactory.com\/fr\/wp-json\/wp\/v2\/product_cat?post=2209"},{"taxonomy":"product_tag","embeddable":true,"href":"https:\/\/globaltextilefactory.com\/fr\/wp-json\/wp\/v2\/product_tag?post=2209"}],"curies":[{"name":"wp","href":"https:\/\/api.w.org\/{rel}","templated":true}]}}