{"id":1991,"date":"2024-03-15T09:51:26","date_gmt":"2024-03-15T01:51:26","guid":{"rendered":"https:\/\/globaltextilefactory.com\/?post_type=product&#038;p=1991"},"modified":"2024-03-15T09:51:26","modified_gmt":"2024-03-15T01:51:26","slug":"nylon-transparent-fishing-thread-kite-pants-hemline-with-locking-beads-high-strength-nylon-monofilament-fishing-thread-fishing-line","status":"publish","type":"product","link":"https:\/\/globaltextilefactory.com\/fr\/produit\/nylon-transparent-fishing-thread-kite-pants-hemline-with-locking-beads-high-strength-nylon-monofilament-fishing-thread-fishing-line\/","title":{"rendered":"Fil de p\u00eache transparent en nylon, ourlet de pantalon de cerf-volant avec perles de verrouillage, fil de p\u00eache monofilament en nylon \u00e0 haute r\u00e9sistance, fil de p\u00eache"},"content":{"rendered":"","protected":false},"excerpt":{"rendered":"","protected":false},"featured_media":1992,"comment_status":"open","ping_status":"closed","template":"","meta":{"site-sidebar-layout":"default","site-content-layout":"","ast-site-content-layout":"default","site-content-style":"default","site-sidebar-style":"default","ast-global-header-display":"","ast-banner-title-visibility":"","ast-main-header-display":"","ast-hfb-above-header-display":"","ast-hfb-below-header-display":"","ast-hfb-mobile-header-display":"","site-post-title":"","ast-breadcrumbs-content":"","ast-featured-img":"","footer-sml-layout":"","theme-transparent-header-meta":"default","adv-header-id-meta":"","stick-header-meta":"","header-above-stick-meta":"","header-main-stick-meta":"","header-below-stick-meta":"","astra-migrate-meta-layouts":"set","ast-page-background-enabled":"default","ast-page-background-meta":{"desktop":{"background-color":"","background-image":"","background-repeat":"repeat","background-position":"center center","background-size":"auto","background-attachment":"scroll","background-type":"","background-media":"","overlay-type":"","overlay-color":"","overlay-gradient":""},"tablet":{"background-color":"","background-image":"","background-repeat":"repeat","background-position":"center center","background-size":"auto","background-attachment":"scroll","background-type":"","background-media":"","overlay-type":"","overlay-color":"","overlay-gradient":""},"mobile":{"background-color":"","background-image":"","background-repeat":"repeat","background-position":"center center","background-size":"auto","background-attachment":"scroll","background-type":"","background-media":"","overlay-type":"","overlay-color":"","overlay-gradient":""}},"ast-content-background-meta":{"desktop":{"background-color":"var(--ast-global-color-5)","background-image":"","background-repeat":"repeat","background-position":"center center","background-size":"auto","background-attachment":"scroll","background-type":"","background-media":"","overlay-type":"","overlay-color":"","overlay-gradient":""},"tablet":{"background-color":"var(--ast-global-color-5)","background-image":"","background-repeat":"repeat","background-position":"center center","background-size":"auto","background-attachment":"scroll","background-type":"","background-media":"","overlay-type":"","overlay-color":"","overlay-gradient":""},"mobile":{"background-color":"var(--ast-global-color-5)","background-image":"","background-repeat":"repeat","background-position":"center center","background-size":"auto","background-attachment":"scroll","background-type":"","background-media":"","overlay-type":"","overlay-color":"","overlay-gradient":""}}},"product_cat":[41],"product_tag":[],"yoast_head":"<!-- This site is optimized with the Yoast SEO plugin v22.3 - https:\/\/yoast.com\/wordpress\/plugins\/seo\/ -->\n<title>Nylon transparent fishing thread, kite pants hemline with locking beads, high-strength nylon monofilament fishing thread, fishing line - globaltextilefactory.com<\/title>\n<meta name=\"robots\" content=\"index, follow, max-snippet:-1, max-image-preview:large, max-video-preview:-1\" \/>\n<link rel=\"canonical\" href=\"https:\/\/globaltextilefactory.com\/fr\/produit\/nylon-transparent-fishing-thread-kite-pants-hemline-with-locking-beads-high-strength-nylon-monofilament-fishing-thread-fishing-line\/\" \/>\n<meta property=\"og:locale\" content=\"fr_FR\" \/>\n<meta property=\"og:type\" content=\"article\" \/>\n<meta property=\"og:title\" content=\"Nylon transparent fishing thread, kite pants hemline with locking beads, high-strength nylon monofilament fishing thread, fishing line - globaltextilefactory.com\" \/>\n<meta property=\"og:url\" content=\"https:\/\/globaltextilefactory.com\/fr\/produit\/nylon-transparent-fishing-thread-kite-pants-hemline-with-locking-beads-high-strength-nylon-monofilament-fishing-thread-fishing-line\/\" \/>\n<meta property=\"og:site_name\" content=\"globaltextilefactory.com\" \/>\n<meta property=\"og:image\" content=\"https:\/\/globaltextilefactory.com\/wp-content\/uploads\/2024\/03\/4bc8528b7f6fdfce4b687ad1b135788.jpg\" \/>\n\t<meta property=\"og:image:width\" content=\"828\" \/>\n\t<meta property=\"og:image:height\" content=\"822\" \/>\n\t<meta property=\"og:image:type\" content=\"image\/jpeg\" \/>\n<meta name=\"twitter:card\" content=\"summary_large_image\" \/>\n<script type=\"application\/ld+json\" class=\"yoast-schema-graph\">{\"@context\":\"https:\/\/schema.org\",\"@graph\":[{\"@type\":\"WebPage\",\"@id\":\"https:\/\/globaltextilefactory.com\/ru\/product\/nylon-transparent-fishing-thread-kite-pants-hemline-with-locking-beads-high-strength-nylon-monofilament-fishing-thread-fishing-line\/\",\"url\":\"https:\/\/globaltextilefactory.com\/ru\/product\/nylon-transparent-fishing-thread-kite-pants-hemline-with-locking-beads-high-strength-nylon-monofilament-fishing-thread-fishing-line\/\",\"name\":\"Nylon transparent fishing thread, kite pants hemline with locking beads, high-strength nylon monofilament fishing thread, fishing line - globaltextilefactory.com\",\"isPartOf\":{\"@id\":\"https:\/\/globaltextilefactory.com\/#website\"},\"primaryImageOfPage\":{\"@id\":\"https:\/\/globaltextilefactory.com\/ru\/product\/nylon-transparent-fishing-thread-kite-pants-hemline-with-locking-beads-high-strength-nylon-monofilament-fishing-thread-fishing-line\/#primaryimage\"},\"image\":{\"@id\":\"https:\/\/globaltextilefactory.com\/ru\/product\/nylon-transparent-fishing-thread-kite-pants-hemline-with-locking-beads-high-strength-nylon-monofilament-fishing-thread-fishing-line\/#primaryimage\"},\"thumbnailUrl\":\"https:\/\/globaltextilefactory.com\/wp-content\/uploads\/2024\/03\/4bc8528b7f6fdfce4b687ad1b135788.jpg\",\"datePublished\":\"2024-03-15T01:51:26+00:00\",\"dateModified\":\"2024-03-15T01:51:26+00:00\",\"breadcrumb\":{\"@id\":\"https:\/\/globaltextilefactory.com\/ru\/product\/nylon-transparent-fishing-thread-kite-pants-hemline-with-locking-beads-high-strength-nylon-monofilament-fishing-thread-fishing-line\/#breadcrumb\"},\"inLanguage\":\"fr-FR\",\"potentialAction\":[{\"@type\":\"ReadAction\",\"target\":[\"https:\/\/globaltextilefactory.com\/ru\/product\/nylon-transparent-fishing-thread-kite-pants-hemline-with-locking-beads-high-strength-nylon-monofilament-fishing-thread-fishing-line\/\"]}]},{\"@type\":\"ImageObject\",\"inLanguage\":\"fr-FR\",\"@id\":\"https:\/\/globaltextilefactory.com\/ru\/product\/nylon-transparent-fishing-thread-kite-pants-hemline-with-locking-beads-high-strength-nylon-monofilament-fishing-thread-fishing-line\/#primaryimage\",\"url\":\"https:\/\/globaltextilefactory.com\/wp-content\/uploads\/2024\/03\/4bc8528b7f6fdfce4b687ad1b135788.jpg\",\"contentUrl\":\"https:\/\/globaltextilefactory.com\/wp-content\/uploads\/2024\/03\/4bc8528b7f6fdfce4b687ad1b135788.jpg\",\"width\":828,\"height\":822},{\"@type\":\"BreadcrumbList\",\"@id\":\"https:\/\/globaltextilefactory.com\/ru\/product\/nylon-transparent-fishing-thread-kite-pants-hemline-with-locking-beads-high-strength-nylon-monofilament-fishing-thread-fishing-line\/#breadcrumb\",\"itemListElement\":[{\"@type\":\"ListItem\",\"position\":1,\"name\":\"Home\",\"item\":\"https:\/\/globaltextilefactory.com\/\"},{\"@type\":\"ListItem\",\"position\":2,\"name\":\"Shop\",\"item\":\"https:\/\/globaltextilefactory.com\/shop\/\"},{\"@type\":\"ListItem\",\"position\":3,\"name\":\"Nylon transparent fishing thread, kite pants hemline with locking beads, high-strength nylon monofilament fishing thread, fishing line\"}]},{\"@type\":\"WebSite\",\"@id\":\"https:\/\/globaltextilefactory.com\/#website\",\"url\":\"https:\/\/globaltextilefactory.com\/\",\"name\":\"globaltextilefactory.com\",\"description\":\"\",\"publisher\":{\"@id\":\"https:\/\/globaltextilefactory.com\/#organization\"},\"potentialAction\":[{\"@type\":\"SearchAction\",\"target\":{\"@type\":\"EntryPoint\",\"urlTemplate\":\"https:\/\/globaltextilefactory.com\/?s={search_term_string}\"},\"query-input\":\"required name=search_term_string\"}],\"inLanguage\":\"fr-FR\"},{\"@type\":\"Organization\",\"@id\":\"https:\/\/globaltextilefactory.com\/#organization\",\"name\":\"globaltextilefactory.com\",\"url\":\"https:\/\/globaltextilefactory.com\/\",\"logo\":{\"@type\":\"ImageObject\",\"inLanguage\":\"fr-FR\",\"@id\":\"https:\/\/globaltextilefactory.com\/#\/schema\/logo\/image\/\",\"url\":\"https:\/\/globaltextilefactory.com\/wp-content\/uploads\/2020\/08\/kayuu-logo-dark-1.svg\",\"contentUrl\":\"https:\/\/globaltextilefactory.com\/wp-content\/uploads\/2020\/08\/kayuu-logo-dark-1.svg\",\"width\":100,\"height\":100,\"caption\":\"globaltextilefactory.com\"},\"image\":{\"@id\":\"https:\/\/globaltextilefactory.com\/#\/schema\/logo\/image\/\"}}]}<\/script>\n<!-- \/ Yoast SEO plugin. -->","yoast_head_json":{"title":"Nylon transparent fishing thread, kite pants hemline with locking beads, high-strength nylon monofilament fishing thread, fishing line - globaltextilefactory.com","robots":{"index":"index","follow":"follow","max-snippet":"max-snippet:-1","max-image-preview":"max-image-preview:large","max-video-preview":"max-video-preview:-1"},"canonical":"https:\/\/globaltextilefactory.com\/fr\/produit\/nylon-transparent-fishing-thread-kite-pants-hemline-with-locking-beads-high-strength-nylon-monofilament-fishing-thread-fishing-line\/","og_locale":"fr_FR","og_type":"article","og_title":"Nylon transparent fishing thread, kite pants hemline with locking beads, high-strength nylon monofilament fishing thread, fishing line - globaltextilefactory.com","og_url":"https:\/\/globaltextilefactory.com\/fr\/produit\/nylon-transparent-fishing-thread-kite-pants-hemline-with-locking-beads-high-strength-nylon-monofilament-fishing-thread-fishing-line\/","og_site_name":"globaltextilefactory.com","og_image":[{"width":828,"height":822,"url":"https:\/\/globaltextilefactory.com\/wp-content\/uploads\/2024\/03\/4bc8528b7f6fdfce4b687ad1b135788.jpg","type":"image\/jpeg"}],"twitter_card":"summary_large_image","schema":{"@context":"https:\/\/schema.org","@graph":[{"@type":"WebPage","@id":"https:\/\/globaltextilefactory.com\/ru\/product\/nylon-transparent-fishing-thread-kite-pants-hemline-with-locking-beads-high-strength-nylon-monofilament-fishing-thread-fishing-line\/","url":"https:\/\/globaltextilefactory.com\/ru\/product\/nylon-transparent-fishing-thread-kite-pants-hemline-with-locking-beads-high-strength-nylon-monofilament-fishing-thread-fishing-line\/","name":"Nylon transparent fishing thread, kite pants hemline with locking beads, high-strength nylon monofilament fishing thread, fishing line - globaltextilefactory.com","isPartOf":{"@id":"https:\/\/globaltextilefactory.com\/#website"},"primaryImageOfPage":{"@id":"https:\/\/globaltextilefactory.com\/ru\/product\/nylon-transparent-fishing-thread-kite-pants-hemline-with-locking-beads-high-strength-nylon-monofilament-fishing-thread-fishing-line\/#primaryimage"},"image":{"@id":"https:\/\/globaltextilefactory.com\/ru\/product\/nylon-transparent-fishing-thread-kite-pants-hemline-with-locking-beads-high-strength-nylon-monofilament-fishing-thread-fishing-line\/#primaryimage"},"thumbnailUrl":"https:\/\/globaltextilefactory.com\/wp-content\/uploads\/2024\/03\/4bc8528b7f6fdfce4b687ad1b135788.jpg","datePublished":"2024-03-15T01:51:26+00:00","dateModified":"2024-03-15T01:51:26+00:00","breadcrumb":{"@id":"https:\/\/globaltextilefactory.com\/ru\/product\/nylon-transparent-fishing-thread-kite-pants-hemline-with-locking-beads-high-strength-nylon-monofilament-fishing-thread-fishing-line\/#breadcrumb"},"inLanguage":"fr-FR","potentialAction":[{"@type":"ReadAction","target":["https:\/\/globaltextilefactory.com\/ru\/product\/nylon-transparent-fishing-thread-kite-pants-hemline-with-locking-beads-high-strength-nylon-monofilament-fishing-thread-fishing-line\/"]}]},{"@type":"ImageObject","inLanguage":"fr-FR","@id":"https:\/\/globaltextilefactory.com\/ru\/product\/nylon-transparent-fishing-thread-kite-pants-hemline-with-locking-beads-high-strength-nylon-monofilament-fishing-thread-fishing-line\/#primaryimage","url":"https:\/\/globaltextilefactory.com\/wp-content\/uploads\/2024\/03\/4bc8528b7f6fdfce4b687ad1b135788.jpg","contentUrl":"https:\/\/globaltextilefactory.com\/wp-content\/uploads\/2024\/03\/4bc8528b7f6fdfce4b687ad1b135788.jpg","width":828,"height":822},{"@type":"BreadcrumbList","@id":"https:\/\/globaltextilefactory.com\/ru\/product\/nylon-transparent-fishing-thread-kite-pants-hemline-with-locking-beads-high-strength-nylon-monofilament-fishing-thread-fishing-line\/#breadcrumb","itemListElement":[{"@type":"ListItem","position":1,"name":"Home","item":"https:\/\/globaltextilefactory.com\/"},{"@type":"ListItem","position":2,"name":"Shop","item":"https:\/\/globaltextilefactory.com\/shop\/"},{"@type":"ListItem","position":3,"name":"Nylon transparent fishing thread, kite pants hemline with locking beads, high-strength nylon monofilament fishing thread, fishing line"}]},{"@type":"WebSite","@id":"https:\/\/globaltextilefactory.com\/#website","url":"https:\/\/globaltextilefactory.com\/","name":"globaltextilefactory.com","description":"","publisher":{"@id":"https:\/\/globaltextilefactory.com\/#organization"},"potentialAction":[{"@type":"SearchAction","target":{"@type":"EntryPoint","urlTemplate":"https:\/\/globaltextilefactory.com\/?s={search_term_string}"},"query-input":"required name=search_term_string"}],"inLanguage":"fr-FR"},{"@type":"Organization","@id":"https:\/\/globaltextilefactory.com\/#organization","name":"globaltextilefactory.com","url":"https:\/\/globaltextilefactory.com\/","logo":{"@type":"ImageObject","inLanguage":"fr-FR","@id":"https:\/\/globaltextilefactory.com\/#\/schema\/logo\/image\/","url":"https:\/\/globaltextilefactory.com\/wp-content\/uploads\/2020\/08\/kayuu-logo-dark-1.svg","contentUrl":"https:\/\/globaltextilefactory.com\/wp-content\/uploads\/2020\/08\/kayuu-logo-dark-1.svg","width":100,"height":100,"caption":"globaltextilefactory.com"},"image":{"@id":"https:\/\/globaltextilefactory.com\/#\/schema\/logo\/image\/"}}]}},"_links":{"self":[{"href":"https:\/\/globaltextilefactory.com\/fr\/wp-json\/wp\/v2\/product\/1991"}],"collection":[{"href":"https:\/\/globaltextilefactory.com\/fr\/wp-json\/wp\/v2\/product"}],"about":[{"href":"https:\/\/globaltextilefactory.com\/fr\/wp-json\/wp\/v2\/types\/product"}],"replies":[{"embeddable":true,"href":"https:\/\/globaltextilefactory.com\/fr\/wp-json\/wp\/v2\/comments?post=1991"}],"version-history":[{"count":1,"href":"https:\/\/globaltextilefactory.com\/fr\/wp-json\/wp\/v2\/product\/1991\/revisions"}],"predecessor-version":[{"id":1993,"href":"https:\/\/globaltextilefactory.com\/fr\/wp-json\/wp\/v2\/product\/1991\/revisions\/1993"}],"wp:featuredmedia":[{"embeddable":true,"href":"https:\/\/globaltextilefactory.com\/fr\/wp-json\/wp\/v2\/media\/1992"}],"wp:attachment":[{"href":"https:\/\/globaltextilefactory.com\/fr\/wp-json\/wp\/v2\/media?parent=1991"}],"wp:term":[{"taxonomy":"product_cat","embeddable":true,"href":"https:\/\/globaltextilefactory.com\/fr\/wp-json\/wp\/v2\/product_cat?post=1991"},{"taxonomy":"product_tag","embeddable":true,"href":"https:\/\/globaltextilefactory.com\/fr\/wp-json\/wp\/v2\/product_tag?post=1991"}],"curies":[{"name":"wp","href":"https:\/\/api.w.org\/{rel}","templated":true}]}}